{"id":93788,"date":"2019-07-11T13:55:08","date_gmt":"2019-07-11T13:55:08","guid":{"rendered":"https:\/\/www.3p-gmbh.de\/produkt\/punzonadora-de-registro-de-pulgar-hunkeler-re-320\/"},"modified":"2019-07-11T13:55:08","modified_gmt":"2019-07-11T13:55:08","slug":"punzonadora-de-registro-pulgar","status":"publish","type":"product","link":"https:\/\/www.3p-gmbh.de\/es\/produkt\/punzonadora-de-registro-pulgar\/","title":{"rendered":"Punzonadora de registro de pulgar Hunkeler RE 320"},"content":{"rendered":"<ul>\n<li>Perforadora de registros con unidad de impresi\u00f3n en dos colores<\/li>\n<li>Longitud de corte 320 mm<\/li>\n<li>Profundidad de corte 80 mm<\/li>\n<li>Espesor de corte m\u00e1x. 10 mm<\/li>\n<li>Espesor de sujeci\u00f3n m\u00e1x. 50 mm<\/li>\n<li>Longitud m\u00e1xima del lomo 400 mm<\/li>\n<li>m\u00e1x. Velocidad 70 golpes \/ min<\/li>\n<li>Herramienta 90 grados \/ radio 1,5 mm<\/li>\n<\/ul>\n","protected":false},"excerpt":{"rendered":"<p>Perforadora de registros con unidad de impresi\u00f3n en dos colores Longitud de corte 320 mm Profundidad de corte 80 mm Espesor de corte m\u00e1x. 10 mm Espesor de sujeci\u00f3n m\u00e1x. 50 mm Longitud m\u00e1xima del lomo 400 mm m\u00e1x. Velocidad 70 golpes \/ min Herramienta 90 grados \/ radio 1,5 mm<\/p>\n","protected":false},"featured_media":66001,"template":"","meta":[],"product_brand":[],"product_cat":[3018],"product_tag":[],"class_list":{"0":"post-93788","1":"product","2":"type-product","3":"status-publish","4":"has-post-thumbnail","6":"product_cat-maquinas-de-corte-es","7":"pa_baujahr-829","8":"pa_hersteller-hunkeler","9":"pa_typ-re-320-var","11":"first","12":"instock","13":"sold-individually","14":"taxable","15":"shipping-taxable","16":"purchasable","17":"product-type-simple"},"jetpack_sharing_enabled":true,"_links":{"self":[{"href":"https:\/\/www.3p-gmbh.de\/es\/wp-json\/wp\/v2\/product\/93788","targetHints":{"allow":["GET"]}}],"collection":[{"href":"https:\/\/www.3p-gmbh.de\/es\/wp-json\/wp\/v2\/product"}],"about":[{"href":"https:\/\/www.3p-gmbh.de\/es\/wp-json\/wp\/v2\/types\/product"}],"wp:featuredmedia":[{"embeddable":true,"href":"https:\/\/www.3p-gmbh.de\/es\/wp-json\/wp\/v2\/media\/66001"}],"wp:attachment":[{"href":"https:\/\/www.3p-gmbh.de\/es\/wp-json\/wp\/v2\/media?parent=93788"}],"wp:term":[{"taxonomy":"product_brand","embeddable":true,"href":"https:\/\/www.3p-gmbh.de\/es\/wp-json\/wp\/v2\/product_brand?post=93788"},{"taxonomy":"product_cat","embeddable":true,"href":"https:\/\/www.3p-gmbh.de\/es\/wp-json\/wp\/v2\/product_cat?post=93788"},{"taxonomy":"product_tag","embeddable":true,"href":"https:\/\/www.3p-gmbh.de\/es\/wp-json\/wp\/v2\/product_tag?post=93788"}],"curies":[{"name":"wp","href":"https:\/\/api.w.org\/{rel}","templated":true}]}}