{"id":93775,"date":"2019-07-11T13:55:19","date_gmt":"2019-07-11T13:55:19","guid":{"rendered":"https:\/\/www.3p-gmbh.de\/produkt\/horizon-ht-30-c-recortadora-automatica-rotativa-de-tres-cuchillas\/"},"modified":"2019-07-11T13:55:19","modified_gmt":"2019-07-11T13:55:19","slug":"recortadora-automatica-rotativa-de-tres-cuchillas","status":"publish","type":"product","link":"https:\/\/www.3p-gmbh.de\/es\/produkt\/recortadora-automatica-rotativa-de-tres-cuchillas\/","title":{"rendered":"Horizon HT-30 C recortadora autom\u00e1tica rotativa de tres cuchillas"},"content":{"rendered":"<p><strong>Horizon HT-30 C recortadora autom\u00e1tica rotativa de tres cuchillas<br \/>\ndesde aprox. 2017 &#8211; un total de 813.544 recortes<\/strong><\/p>\n<p>Su rentabilidad convierte a esta guillotina autom\u00e1tica rotativa de tres cuchillas en una alternativa real a las guillotinas de tres cuchillas para el procesamiento fuera de l\u00ednea de tiradas m\u00e1s cortas. Trabaja con total independencia y sin supervisi\u00f3n. Basta con introducir los formatos de los libros en la pantalla t\u00e1ctil, as\u00ed como el n\u00famero de libros para la operaci\u00f3n: la m\u00e1quina hace el resto.<br \/>\nLa HT-30c corta los libros por tres lados: limpiamente, con precisi\u00f3n &#8211; con una sola cuchilla, siempre sin da\u00f1ar la encuadernaci\u00f3n.<\/p>\n<ul>\n<li>Velocidad 220 &#8211; 520 ciclos \/ h<\/li>\n<li>Presi\u00f3n de contacto 1,5 &#8211; 8 kN<\/li>\n<li>Dimensiones de la m\u00e1quina 2.350 x 1.160 x 1.370 mm (ancho x fondo x alto)<\/li>\n<li>m\u00e1x. Formato sin recortar 320 x 235 mm<\/li>\n<li>min. Formato sin estucar 200 x 134 mm<\/li>\n<li>m\u00e1x. Formato recortado 305 x 230 mm<\/li>\n<li>min. Formato recortado 200 x 134 mm<\/li>\n<li>m\u00e1x. Espesor del bloque 51 mm<\/li>\n<\/ul>\n<p>380V<br \/>\nDimensiones (LxAnxAl): 235x116x137<br \/>\nPeso: 1040 kg<\/p>\n","protected":false},"excerpt":{"rendered":"<p>Horizon HT-30 C recortadora autom\u00e1tica rotativa de tres cuchillas desde aprox. 2017 &#8211; un total de 813.544 recortes Su rentabilidad convierte a esta guillotina autom\u00e1tica rotativa de tres cuchillas en una alternativa real a las guillotinas de tres cuchillas para el procesamiento fuera de l\u00ednea de tiradas m\u00e1s cortas. Trabaja con total independencia y sin [&hellip;]<\/p>\n","protected":false},"featured_media":82450,"template":"","meta":[],"product_brand":[],"product_cat":[3018],"product_tag":[],"class_list":{"0":"post-93775","1":"product","2":"type-product","3":"status-publish","4":"has-post-thumbnail","6":"product_cat-maquinas-de-corte-es","7":"pa_baujahr-711","8":"pa_hersteller-horizon","9":"pa_typ-ht-30c","11":"first","12":"instock","13":"sold-individually","14":"taxable","15":"shipping-taxable","16":"purchasable","17":"product-type-simple"},"jetpack_sharing_enabled":true,"_links":{"self":[{"href":"https:\/\/www.3p-gmbh.de\/es\/wp-json\/wp\/v2\/product\/93775","targetHints":{"allow":["GET"]}}],"collection":[{"href":"https:\/\/www.3p-gmbh.de\/es\/wp-json\/wp\/v2\/product"}],"about":[{"href":"https:\/\/www.3p-gmbh.de\/es\/wp-json\/wp\/v2\/types\/product"}],"wp:featuredmedia":[{"embeddable":true,"href":"https:\/\/www.3p-gmbh.de\/es\/wp-json\/wp\/v2\/media\/82450"}],"wp:attachment":[{"href":"https:\/\/www.3p-gmbh.de\/es\/wp-json\/wp\/v2\/media?parent=93775"}],"wp:term":[{"taxonomy":"product_brand","embeddable":true,"href":"https:\/\/www.3p-gmbh.de\/es\/wp-json\/wp\/v2\/product_brand?post=93775"},{"taxonomy":"product_cat","embeddable":true,"href":"https:\/\/www.3p-gmbh.de\/es\/wp-json\/wp\/v2\/product_cat?post=93775"},{"taxonomy":"product_tag","embeddable":true,"href":"https:\/\/www.3p-gmbh.de\/es\/wp-json\/wp\/v2\/product_tag?post=93775"}],"curies":[{"name":"wp","href":"https:\/\/api.w.org\/{rel}","templated":true}]}}