{"id":93765,"date":"2019-07-11T13:55:08","date_gmt":"2019-07-11T13:55:08","guid":{"rendered":"https:\/\/www.3p-gmbh.de\/produkt\/tope-lateral-abatible-neumaticamente\/"},"modified":"2019-07-11T13:55:08","modified_gmt":"2019-07-11T13:55:08","slug":"tope-lateral","status":"publish","type":"product","link":"https:\/\/www.3p-gmbh.de\/es\/produkt\/tope-lateral\/","title":{"rendered":"Tope lateral abatible neum\u00e1ticamente"},"content":{"rendered":"<ul>\n<li>apto para m\u00e1quinas de corte de gran formato de todos los fabricantes (Wohlenberg, Polar, Perfecta)<\/li>\n<li>con piloto autom\u00e1tico<\/li>\n<li>Valla de acero inoxidable y mesa de aire<\/li>\n<li>Posibilidad de montaje a la derecha o a la izquierda<\/li>\n<li>Largo 165 cm, ancho 25 cm<\/li>\n<li>con boquillas de aire<\/li>\n<li>es necesario si se va a cargar una m\u00e1quina de corte a trav\u00e9s de la mesa trasera de la m\u00e1quina<\/li>\n<\/ul>\n","protected":false},"excerpt":{"rendered":"<p>apto para m\u00e1quinas de corte de gran formato de todos los fabricantes (Wohlenberg, Polar, Perfecta) con piloto autom\u00e1tico Valla de acero inoxidable y mesa de aire Posibilidad de montaje a la derecha o a la izquierda Largo 165 cm, ancho 25 cm con boquillas de aire es necesario si se va a cargar una m\u00e1quina [&hellip;]<\/p>\n","protected":false},"featured_media":66061,"template":"","meta":[],"product_brand":[],"product_cat":[3018],"product_tag":[],"class_list":{"0":"post-93765","1":"product","2":"type-product","3":"status-publish","4":"has-post-thumbnail","6":"product_cat-maquinas-de-corte-es","7":"pa_baujahr-165","8":"pa_hersteller-wohlenberg-polar-perfecta","9":"pa_typ-pneumatisch-absenkbarer-seitenanschlag","11":"first","12":"instock","13":"sold-individually","14":"taxable","15":"shipping-taxable","16":"purchasable","17":"product-type-simple"},"jetpack_sharing_enabled":true,"_links":{"self":[{"href":"https:\/\/www.3p-gmbh.de\/es\/wp-json\/wp\/v2\/product\/93765","targetHints":{"allow":["GET"]}}],"collection":[{"href":"https:\/\/www.3p-gmbh.de\/es\/wp-json\/wp\/v2\/product"}],"about":[{"href":"https:\/\/www.3p-gmbh.de\/es\/wp-json\/wp\/v2\/types\/product"}],"wp:featuredmedia":[{"embeddable":true,"href":"https:\/\/www.3p-gmbh.de\/es\/wp-json\/wp\/v2\/media\/66061"}],"wp:attachment":[{"href":"https:\/\/www.3p-gmbh.de\/es\/wp-json\/wp\/v2\/media?parent=93765"}],"wp:term":[{"taxonomy":"product_brand","embeddable":true,"href":"https:\/\/www.3p-gmbh.de\/es\/wp-json\/wp\/v2\/product_brand?post=93765"},{"taxonomy":"product_cat","embeddable":true,"href":"https:\/\/www.3p-gmbh.de\/es\/wp-json\/wp\/v2\/product_cat?post=93765"},{"taxonomy":"product_tag","embeddable":true,"href":"https:\/\/www.3p-gmbh.de\/es\/wp-json\/wp\/v2\/product_tag?post=93765"}],"curies":[{"name":"wp","href":"https:\/\/api.w.org\/{rel}","templated":true}]}}