{"id":93746,"date":"2019-07-11T13:55:23","date_gmt":"2019-07-11T13:55:23","guid":{"rendered":"https:\/\/www.3p-gmbh.de\/produkt\/morgana-ernst-nagel-8000-alimentador-por-aspiracion-bajo-el-suelo\/"},"modified":"2019-07-11T13:55:23","modified_gmt":"2019-07-11T13:55:23","slug":"alimentador-por-aspiracion-bajo-el-suelo","status":"publish","type":"product","link":"https:\/\/www.3p-gmbh.de\/es\/produkt\/alimentador-por-aspiracion-bajo-el-suelo\/","title":{"rendered":"Morgana \/ Ernst Nagel 8000 Alimentador por aspiraci\u00f3n bajo el suelo"},"content":{"rendered":"<p>Este alimentador por aspiraci\u00f3n bajo el suelo con mesa de alineaci\u00f3n tiene una capacidad de hasta 5500 hojas\/h. El alimentador universal es regulable en altura y puede ajustarse a la altura necesaria del dispositivo de conexi\u00f3n. Un sistema de aire totalmente flexible y un control de doble hoja permiten un recorrido suave y continuo hacia la m\u00e1quina de salida. Esto permite a\u00f1adir papel durante el proceso. El potente alimentador de succi\u00f3n puede manipular una amplia gama de formatos y gramajes. El registro de parada lateral y el control de velocidad son otras ventajas del alimentador. Con una velocidad de m\u00e1s de 5.500 hojas por hora, incluso los equipos posteriores pueden beneficiarse de la capacidad del alimentador universal.<\/p>\n","protected":false},"excerpt":{"rendered":"<p>Este alimentador por aspiraci\u00f3n bajo el suelo con mesa de alineaci\u00f3n tiene una capacidad de hasta 5500 hojas\/h. El alimentador universal es regulable en altura y puede ajustarse a la altura necesaria del dispositivo de conexi\u00f3n. Un sistema de aire totalmente flexible y un control de doble hoja permiten un recorrido suave y continuo hacia [&hellip;]<\/p>\n","protected":false},"featured_media":66136,"template":"","meta":[],"product_brand":[],"product_cat":[3022],"product_tag":[],"class_list":{"0":"post-93746","1":"product","2":"type-product","3":"status-publish","4":"has-post-thumbnail","6":"product_cat-inversores","7":"pa_baujahr-205","8":"pa_hersteller-morgana-ernst-nagel","9":"pa_typ-855","11":"first","12":"instock","13":"sold-individually","14":"taxable","15":"shipping-taxable","16":"purchasable","17":"product-type-simple"},"jetpack_sharing_enabled":true,"_links":{"self":[{"href":"https:\/\/www.3p-gmbh.de\/es\/wp-json\/wp\/v2\/product\/93746","targetHints":{"allow":["GET"]}}],"collection":[{"href":"https:\/\/www.3p-gmbh.de\/es\/wp-json\/wp\/v2\/product"}],"about":[{"href":"https:\/\/www.3p-gmbh.de\/es\/wp-json\/wp\/v2\/types\/product"}],"wp:featuredmedia":[{"embeddable":true,"href":"https:\/\/www.3p-gmbh.de\/es\/wp-json\/wp\/v2\/media\/66136"}],"wp:attachment":[{"href":"https:\/\/www.3p-gmbh.de\/es\/wp-json\/wp\/v2\/media?parent=93746"}],"wp:term":[{"taxonomy":"product_brand","embeddable":true,"href":"https:\/\/www.3p-gmbh.de\/es\/wp-json\/wp\/v2\/product_brand?post=93746"},{"taxonomy":"product_cat","embeddable":true,"href":"https:\/\/www.3p-gmbh.de\/es\/wp-json\/wp\/v2\/product_cat?post=93746"},{"taxonomy":"product_tag","embeddable":true,"href":"https:\/\/www.3p-gmbh.de\/es\/wp-json\/wp\/v2\/product_tag?post=93746"}],"curies":[{"name":"wp","href":"https:\/\/api.w.org\/{rel}","templated":true}]}}