{"id":93735,"date":"2019-07-11T13:55:23","date_gmt":"2019-07-11T13:55:23","guid":{"rendered":"https:\/\/www.3p-gmbh.de\/produkt\/cabezal-perforador-de-reloj-palamides-tk-30\/"},"modified":"2019-07-11T13:55:23","modified_gmt":"2019-07-11T13:55:23","slug":"cabezal-de-perforacion-neumatico","status":"publish","type":"product","link":"https:\/\/www.3p-gmbh.de\/es\/produkt\/cabezal-de-perforacion-neumatico\/","title":{"rendered":"Cabezal perforador de reloj Palamides TK-30"},"content":{"rendered":"<ul>\n<li>cabezal de perforaci\u00f3n de indexaci\u00f3n neum\u00e1tica TK-30<\/li>\n<li>disponible 2 cabezales y una caja de distribuci\u00f3n<\/li>\n<li>como opci\u00f3n, unidades de control adecuadas de HHS o Heidelberg ACC 2.4<\/li>\n<\/ul>\n","protected":false},"excerpt":{"rendered":"<p>cabezal de perforaci\u00f3n de indexaci\u00f3n neum\u00e1tica TK-30 disponible 2 cabezales y una caja de distribuci\u00f3n como opci\u00f3n, unidades de control adecuadas de HHS o Heidelberg ACC 2.4<\/p>\n","protected":false},"featured_media":72070,"template":"","meta":[],"product_brand":[],"product_cat":[2885],"product_tag":[],"class_list":{"0":"post-93735","1":"product","2":"type-product","3":"status-publish","4":"has-post-thumbnail","6":"product_cat-accesorios-para-plegadoras","7":"pa_baujahr-313","8":"pa_hersteller-palamides","9":"pa_typ-tk-30","11":"first","12":"instock","13":"sold-individually","14":"taxable","15":"shipping-taxable","16":"purchasable","17":"product-type-simple"},"jetpack_sharing_enabled":true,"_links":{"self":[{"href":"https:\/\/www.3p-gmbh.de\/es\/wp-json\/wp\/v2\/product\/93735","targetHints":{"allow":["GET"]}}],"collection":[{"href":"https:\/\/www.3p-gmbh.de\/es\/wp-json\/wp\/v2\/product"}],"about":[{"href":"https:\/\/www.3p-gmbh.de\/es\/wp-json\/wp\/v2\/types\/product"}],"wp:featuredmedia":[{"embeddable":true,"href":"https:\/\/www.3p-gmbh.de\/es\/wp-json\/wp\/v2\/media\/72070"}],"wp:attachment":[{"href":"https:\/\/www.3p-gmbh.de\/es\/wp-json\/wp\/v2\/media?parent=93735"}],"wp:term":[{"taxonomy":"product_brand","embeddable":true,"href":"https:\/\/www.3p-gmbh.de\/es\/wp-json\/wp\/v2\/product_brand?post=93735"},{"taxonomy":"product_cat","embeddable":true,"href":"https:\/\/www.3p-gmbh.de\/es\/wp-json\/wp\/v2\/product_cat?post=93735"},{"taxonomy":"product_tag","embeddable":true,"href":"https:\/\/www.3p-gmbh.de\/es\/wp-json\/wp\/v2\/product_tag?post=93735"}],"curies":[{"name":"wp","href":"https:\/\/api.w.org\/{rel}","templated":true}]}}