{"id":93729,"date":"2019-07-11T13:55:23","date_gmt":"2019-07-11T13:55:23","guid":{"rendered":"https:\/\/www.3p-gmbh.de\/produkt\/plegadora-de-chapa-heidelberg-steel-th-82-6-4-2-pfh\/"},"modified":"2019-07-11T13:55:23","modified_gmt":"2019-07-11T13:55:23","slug":"plegadora-de-bolsillos-2","status":"publish","type":"product","link":"https:\/\/www.3p-gmbh.de\/es\/produkt\/plegadora-de-bolsillos-2\/","title":{"rendered":"Plegadora de chapa Heidelberg \/Steel TH 82-6-4-2-PFH"},"content":{"rendered":"<ul>\n<li>A\u00f1o de fabricaci\u00f3n 2008<\/li>\n<li>Formato m\u00e1ximo: 82 x 128 cm<\/li>\n<li>Alimentador de palets PFH-82 con Tremat y sistema de control MCT<\/li>\n<li>1\u00aa estaci\u00f3n de plegado BUH-82 con 6 bolsas de plegado de 82 cm, rodillos de PU nuevos en 11-2016, paquete de eje de cortadora descendente con funci\u00f3n de elevaci\u00f3n, amplios accesorios herramientas especiales para hendido, corte, etc.dispositivo de recorte de tiras y bordes, cap\u00f3 de protecci\u00f3n ac\u00fastica<\/li>\n<li>2\u00aa estaci\u00f3n de plegado BUH 66-4 con 4 placas de hebilla de 66 cm rodillos de PU, paquete de eje de cortadora descendente con funci\u00f3n de elevaci\u00f3n, cap\u00f3 de protecci\u00f3n ac\u00fastica<\/li>\n<li>3\u00aa estaci\u00f3n de plegado BUH-56 con 2 bolsas de plegado de 56 cm con rodillos de PU. Paquete de eje de cortadora descendente con funci\u00f3n de elevaci\u00f3n, cap\u00f3 antirruido<\/li>\n<li>Entrega de paquetes Twinstacker TSH-70 con estaci\u00f3n de prensado y dispositivo de marcado<\/li>\n<\/ul>\n","protected":false},"excerpt":{"rendered":"<p>A\u00f1o de fabricaci\u00f3n 2008 Formato m\u00e1ximo: 82 x 128 cm Alimentador de palets PFH-82 con Tremat y sistema de control MCT 1\u00aa estaci\u00f3n de plegado BUH-82 con 6 bolsas de plegado de 82 cm, rodillos de PU nuevos en 11-2016, paquete de eje de cortadora descendente con funci\u00f3n de elevaci\u00f3n, amplios accesorios herramientas especiales para [&hellip;]<\/p>\n","protected":false},"featured_media":71248,"template":"","meta":[],"product_brand":[],"product_cat":[2982],"product_tag":[],"class_list":{"0":"post-93729","1":"product","2":"type-product","3":"status-publish","4":"has-post-thumbnail","6":"product_cat-plegadoras","7":"pa_baujahr-326","8":"pa_hersteller-heidelberg-stahl-ludwigsburg","9":"pa_typ-th-82-6-4-2-pfh-mit-twinstacker-tsh-70","11":"first","12":"instock","13":"sold-individually","14":"taxable","15":"shipping-taxable","16":"purchasable","17":"product-type-simple"},"jetpack_sharing_enabled":true,"_links":{"self":[{"href":"https:\/\/www.3p-gmbh.de\/es\/wp-json\/wp\/v2\/product\/93729","targetHints":{"allow":["GET"]}}],"collection":[{"href":"https:\/\/www.3p-gmbh.de\/es\/wp-json\/wp\/v2\/product"}],"about":[{"href":"https:\/\/www.3p-gmbh.de\/es\/wp-json\/wp\/v2\/types\/product"}],"wp:featuredmedia":[{"embeddable":true,"href":"https:\/\/www.3p-gmbh.de\/es\/wp-json\/wp\/v2\/media\/71248"}],"wp:attachment":[{"href":"https:\/\/www.3p-gmbh.de\/es\/wp-json\/wp\/v2\/media?parent=93729"}],"wp:term":[{"taxonomy":"product_brand","embeddable":true,"href":"https:\/\/www.3p-gmbh.de\/es\/wp-json\/wp\/v2\/product_brand?post=93729"},{"taxonomy":"product_cat","embeddable":true,"href":"https:\/\/www.3p-gmbh.de\/es\/wp-json\/wp\/v2\/product_cat?post=93729"},{"taxonomy":"product_tag","embeddable":true,"href":"https:\/\/www.3p-gmbh.de\/es\/wp-json\/wp\/v2\/product_tag?post=93729"}],"curies":[{"name":"wp","href":"https:\/\/api.w.org\/{rel}","templated":true}]}}