{"id":93703,"date":"2019-07-11T13:55:29","date_gmt":"2019-07-11T13:55:29","guid":{"rendered":"https:\/\/www.3p-gmbh.de\/produkt\/baeuerle-skm-36-b-arco-vertical-pequeno-formato-entrega\/"},"modified":"2019-07-11T13:55:29","modified_gmt":"2019-07-11T13:55:29","slug":"expositor-permanente-de-pequeno-formato","status":"publish","type":"product","link":"https:\/\/www.3p-gmbh.de\/es\/produkt\/expositor-permanente-de-pequeno-formato\/","title":{"rendered":"B\u00e4uerle SKM 36-B arco vertical peque\u00f1o formato entrega"},"content":{"rendered":"<ul>\n<li>hoja de pie m\u00f3vil entrega de peque\u00f1o formato<\/li>\n<li>Anchura de entrada 36 cm<\/li>\n<li>Formatos: m\u00e1x. 36 x 12 cm, min. 5 x 1,8 cm<\/li>\n<li>Altura de entrada de 60 a 93 cm, regulable sin escalonamientos<\/li>\n<li>puede reequiparse con su propio control (potenci\u00f3metro con convertidor de frecuencia) para la conexi\u00f3n a productos de terceros<\/li>\n<li>Marcando el recuento preelectoral con pateadores<\/li>\n<\/ul>\n","protected":false},"excerpt":{"rendered":"<p>hoja de pie m\u00f3vil entrega de peque\u00f1o formato Anchura de entrada 36 cm Formatos: m\u00e1x. 36 x 12 cm, min. 5 x 1,8 cm Altura de entrada de 60 a 93 cm, regulable sin escalonamientos puede reequiparse con su propio control (potenci\u00f3metro con convertidor de frecuencia) para la conexi\u00f3n a productos de terceros Marcando el [&hellip;]<\/p>\n","protected":false},"featured_media":71236,"template":"","meta":[],"product_brand":[],"product_cat":[2913],"product_tag":[],"class_list":{"0":"post-93703","1":"product","2":"type-product","3":"status-publish","4":"has-post-thumbnail","6":"product_cat-gastos","7":"pa_baujahr-130","8":"pa_hersteller-mathias-baeuerle","9":"pa_typ-skm-36-b","11":"first","12":"instock","13":"sold-individually","14":"taxable","15":"shipping-taxable","16":"purchasable","17":"product-type-simple"},"jetpack_sharing_enabled":true,"_links":{"self":[{"href":"https:\/\/www.3p-gmbh.de\/es\/wp-json\/wp\/v2\/product\/93703","targetHints":{"allow":["GET"]}}],"collection":[{"href":"https:\/\/www.3p-gmbh.de\/es\/wp-json\/wp\/v2\/product"}],"about":[{"href":"https:\/\/www.3p-gmbh.de\/es\/wp-json\/wp\/v2\/types\/product"}],"wp:featuredmedia":[{"embeddable":true,"href":"https:\/\/www.3p-gmbh.de\/es\/wp-json\/wp\/v2\/media\/71236"}],"wp:attachment":[{"href":"https:\/\/www.3p-gmbh.de\/es\/wp-json\/wp\/v2\/media?parent=93703"}],"wp:term":[{"taxonomy":"product_brand","embeddable":true,"href":"https:\/\/www.3p-gmbh.de\/es\/wp-json\/wp\/v2\/product_brand?post=93703"},{"taxonomy":"product_cat","embeddable":true,"href":"https:\/\/www.3p-gmbh.de\/es\/wp-json\/wp\/v2\/product_cat?post=93703"},{"taxonomy":"product_tag","embeddable":true,"href":"https:\/\/www.3p-gmbh.de\/es\/wp-json\/wp\/v2\/product_tag?post=93703"}],"curies":[{"name":"wp","href":"https:\/\/api.w.org\/{rel}","templated":true}]}}