{"id":93700,"date":"2019-07-11T13:55:29","date_gmt":"2019-07-11T13:55:29","guid":{"rendered":"https:\/\/www.3p-gmbh.de\/produkt\/heidelberg-acero-ffp-78-bolsa-plegable-con-ventana-neumatica\/"},"modified":"2019-07-11T13:55:29","modified_gmt":"2019-07-11T13:55:29","slug":"ventana-neumatica-plegable-bolsillo","status":"publish","type":"product","link":"https:\/\/www.3p-gmbh.de\/es\/produkt\/ventana-neumatica-plegable-bolsillo\/","title":{"rendered":"Heidelberg \/ Acero FFP 78 bolsa plegable con ventana neum\u00e1tica"},"content":{"rendered":"<ul>\n<li>Unidad de control ACC 2.2 para dispositivo de encolado o bolsa de plegado<\/li>\n<li>Cajera neum\u00e1tica para galces FFP 78cm de ancho de entrada con sensor de entrada<\/li>\n<li>Control digital con ACC 2.4 para la determinaci\u00f3n exacta de los tiempos de conmutaci\u00f3n<\/li>\n<li>Funcionamiento sencillo, tiempo de ajuste corto<\/li>\n<li>Posibilidad de hasta 15.000 ciclos por hora en funcionamiento continuo<\/li>\n<li>Separaci\u00f3n m\u00ednima entre solapas de 0,5-1 mil\u00edmetros en funci\u00f3n del grosor del papel<\/li>\n<li>Dise\u00f1o especialmente plano, uso en cualquier posici\u00f3n del bolsillo<\/li>\n<\/ul>\n","protected":false},"excerpt":{"rendered":"<p>Unidad de control ACC 2.2 para dispositivo de encolado o bolsa de plegado Cajera neum\u00e1tica para galces FFP 78cm de ancho de entrada con sensor de entrada Control digital con ACC 2.4 para la determinaci\u00f3n exacta de los tiempos de conmutaci\u00f3n Funcionamiento sencillo, tiempo de ajuste corto Posibilidad de hasta 15.000 ciclos por hora en [&hellip;]<\/p>\n","protected":false},"featured_media":66253,"template":"","meta":[],"product_brand":[],"product_cat":[2885],"product_tag":[],"class_list":{"0":"post-93700","1":"product","2":"type-product","3":"status-publish","4":"has-post-thumbnail","6":"product_cat-accesorios-para-plegadoras","7":"pa_baujahr-153","8":"pa_hersteller-heidelberg-stahl","9":"pa_typ-stahlfolder-ffp-78-cm","11":"first","12":"instock","13":"sold-individually","14":"taxable","15":"shipping-taxable","16":"purchasable","17":"product-type-simple"},"jetpack_sharing_enabled":true,"_links":{"self":[{"href":"https:\/\/www.3p-gmbh.de\/es\/wp-json\/wp\/v2\/product\/93700","targetHints":{"allow":["GET"]}}],"collection":[{"href":"https:\/\/www.3p-gmbh.de\/es\/wp-json\/wp\/v2\/product"}],"about":[{"href":"https:\/\/www.3p-gmbh.de\/es\/wp-json\/wp\/v2\/types\/product"}],"wp:featuredmedia":[{"embeddable":true,"href":"https:\/\/www.3p-gmbh.de\/es\/wp-json\/wp\/v2\/media\/66253"}],"wp:attachment":[{"href":"https:\/\/www.3p-gmbh.de\/es\/wp-json\/wp\/v2\/media?parent=93700"}],"wp:term":[{"taxonomy":"product_brand","embeddable":true,"href":"https:\/\/www.3p-gmbh.de\/es\/wp-json\/wp\/v2\/product_brand?post=93700"},{"taxonomy":"product_cat","embeddable":true,"href":"https:\/\/www.3p-gmbh.de\/es\/wp-json\/wp\/v2\/product_cat?post=93700"},{"taxonomy":"product_tag","embeddable":true,"href":"https:\/\/www.3p-gmbh.de\/es\/wp-json\/wp\/v2\/product_tag?post=93700"}],"curies":[{"name":"wp","href":"https:\/\/api.w.org\/{rel}","templated":true}]}}