{"id":93698,"date":"2019-07-11T13:55:29","date_gmt":"2019-07-11T13:55:29","guid":{"rendered":"https:\/\/www.3p-gmbh.de\/produkt\/baeuerle-multipli-384-ps-plegadora-de-chapa-con-hebilla\/"},"modified":"2019-07-11T13:55:29","modified_gmt":"2019-07-11T13:55:29","slug":"plegadora-de-cuatro-bolsillos","status":"publish","type":"product","link":"https:\/\/www.3p-gmbh.de\/es\/produkt\/plegadora-de-cuatro-bolsillos\/","title":{"rendered":"B\u00e4uerle Multipli 384 PS plegadora de chapa con hebilla"},"content":{"rendered":"<ul>\n<li>4 bolsillos plegables<\/li>\n<li>Alimentador por aspiraci\u00f3n bajo el suelo con alineaci\u00f3n<\/li>\n<li>Visualizaci\u00f3n de la cinta<\/li>\n<li>Conexi\u00f3n 220 V<\/li>\n<li>m\u00e1x. Tama\u00f1o del papel ancho 358 x largo 530 mm<\/li>\n<li>min. Tama\u00f1o del papel 80 x 100 mm<\/li>\n<li>Longitud m\u00ednima del galce 33 mm<\/li>\n<\/ul>\n","protected":false},"excerpt":{"rendered":"<p>4 bolsillos plegables Alimentador por aspiraci\u00f3n bajo el suelo con alineaci\u00f3n Visualizaci\u00f3n de la cinta Conexi\u00f3n 220 V m\u00e1x. Tama\u00f1o del papel ancho 358 x largo 530 mm min. Tama\u00f1o del papel 80 x 100 mm Longitud m\u00ednima del galce 33 mm<\/p>\n","protected":false},"featured_media":66289,"template":"","meta":[],"product_brand":[],"product_cat":[2982],"product_tag":[],"class_list":{"0":"post-93698","1":"product","2":"type-product","3":"status-publish","4":"has-post-thumbnail","6":"product_cat-plegadoras","7":"pa_baujahr-404","8":"pa_hersteller-mathias-baeuerle","9":"pa_typ-multipli-384-ps","11":"first","12":"instock","13":"sold-individually","14":"taxable","15":"shipping-taxable","16":"purchasable","17":"product-type-simple"},"jetpack_sharing_enabled":true,"_links":{"self":[{"href":"https:\/\/www.3p-gmbh.de\/es\/wp-json\/wp\/v2\/product\/93698","targetHints":{"allow":["GET"]}}],"collection":[{"href":"https:\/\/www.3p-gmbh.de\/es\/wp-json\/wp\/v2\/product"}],"about":[{"href":"https:\/\/www.3p-gmbh.de\/es\/wp-json\/wp\/v2\/types\/product"}],"wp:featuredmedia":[{"embeddable":true,"href":"https:\/\/www.3p-gmbh.de\/es\/wp-json\/wp\/v2\/media\/66289"}],"wp:attachment":[{"href":"https:\/\/www.3p-gmbh.de\/es\/wp-json\/wp\/v2\/media?parent=93698"}],"wp:term":[{"taxonomy":"product_brand","embeddable":true,"href":"https:\/\/www.3p-gmbh.de\/es\/wp-json\/wp\/v2\/product_brand?post=93698"},{"taxonomy":"product_cat","embeddable":true,"href":"https:\/\/www.3p-gmbh.de\/es\/wp-json\/wp\/v2\/product_cat?post=93698"},{"taxonomy":"product_tag","embeddable":true,"href":"https:\/\/www.3p-gmbh.de\/es\/wp-json\/wp\/v2\/product_tag?post=93698"}],"curies":[{"name":"wp","href":"https:\/\/api.w.org\/{rel}","templated":true}]}}