{"id":93681,"date":"2019-07-11T13:55:29","date_gmt":"2019-07-11T13:55:29","guid":{"rendered":"https:\/\/www.3p-gmbh.de\/produkt\/horizon-mku-54-unidad-de-plegado-transversal\/"},"modified":"2019-07-11T13:55:29","modified_gmt":"2019-07-11T13:55:29","slug":"unidad-de-plegado-transversal","status":"publish","type":"product","link":"https:\/\/www.3p-gmbh.de\/es\/produkt\/unidad-de-plegado-transversal\/","title":{"rendered":"Horizon MKU 54 unidad de plegado transversal"},"content":{"rendered":"<ul>\n<li>Espada m\u00f3vil, regulable en altura y giratoria 180<\/li>\n<li>apto para todas las m\u00e1quinas Horizon comunes utilizables en l\u00ednea y tambi\u00e9n fuera de l\u00ednea<\/li>\n<li>Formato: min. 160x100mm m\u00e1x. 540x360mm<\/li>\n<li>Altura de entrada: 570-970 mm<\/li>\n<li>Rendimiento: 230 m\/min 20.000 ciclos<\/li>\n<\/ul>\n","protected":false},"excerpt":{"rendered":"<p>Espada m\u00f3vil, regulable en altura y giratoria 180 apto para todas las m\u00e1quinas Horizon comunes utilizables en l\u00ednea y tambi\u00e9n fuera de l\u00ednea Formato: min. 160x100mm m\u00e1x. 540x360mm Altura de entrada: 570-970 mm Rendimiento: 230 m\/min 20.000 ciclos<\/p>\n","protected":false},"featured_media":66292,"template":"","meta":[],"product_brand":[],"product_cat":[2915],"product_tag":[],"class_list":{"0":"post-93681","1":"product","2":"type-product","3":"status-publish","4":"has-post-thumbnail","6":"product_cat-unidades-plegables","7":"pa_baujahr-143","8":"pa_hersteller-horizon","9":"pa_typ-mku-54","11":"first","12":"instock","13":"sold-individually","14":"taxable","15":"shipping-taxable","16":"purchasable","17":"product-type-simple"},"jetpack_sharing_enabled":true,"_links":{"self":[{"href":"https:\/\/www.3p-gmbh.de\/es\/wp-json\/wp\/v2\/product\/93681","targetHints":{"allow":["GET"]}}],"collection":[{"href":"https:\/\/www.3p-gmbh.de\/es\/wp-json\/wp\/v2\/product"}],"about":[{"href":"https:\/\/www.3p-gmbh.de\/es\/wp-json\/wp\/v2\/types\/product"}],"wp:featuredmedia":[{"embeddable":true,"href":"https:\/\/www.3p-gmbh.de\/es\/wp-json\/wp\/v2\/media\/66292"}],"wp:attachment":[{"href":"https:\/\/www.3p-gmbh.de\/es\/wp-json\/wp\/v2\/media?parent=93681"}],"wp:term":[{"taxonomy":"product_brand","embeddable":true,"href":"https:\/\/www.3p-gmbh.de\/es\/wp-json\/wp\/v2\/product_brand?post=93681"},{"taxonomy":"product_cat","embeddable":true,"href":"https:\/\/www.3p-gmbh.de\/es\/wp-json\/wp\/v2\/product_cat?post=93681"},{"taxonomy":"product_tag","embeddable":true,"href":"https:\/\/www.3p-gmbh.de\/es\/wp-json\/wp\/v2\/product_tag?post=93681"}],"curies":[{"name":"wp","href":"https:\/\/api.w.org\/{rel}","templated":true}]}}