{"id":93665,"date":"2019-07-11T13:55:29","date_gmt":"2019-07-11T13:55:29","guid":{"rendered":"https:\/\/www.3p-gmbh.de\/produkt\/sistema-de-aplicacion-de-cola-caliente-baumer-hhs-c-1100-4\/"},"modified":"2019-07-11T13:55:29","modified_gmt":"2019-07-11T13:55:29","slug":"sistema-de-aplicacion-de-cola-caliente","status":"publish","type":"product","link":"https:\/\/www.3p-gmbh.de\/es\/produkt\/sistema-de-aplicacion-de-cola-caliente\/","title":{"rendered":"Sistema de aplicaci\u00f3n de cola caliente Baumer HHS C-1100-4"},"content":{"rendered":"<ul>\n<li>2 unidades de control para encolado o perforaci\u00f3n c\u00edclica Baumer HHS C-1100-4 con 4 canales<\/li>\n<li>Tanque de fusi\u00f3n en caliente Baumer HHS ProMelt HMP-04<\/li>\n<li>8 Kg<\/li>\n<li>4 conexiones de manguera<\/li>\n<li>Carro de transporte<\/li>\n<\/ul>\n","protected":false},"excerpt":{"rendered":"<p>2 unidades de control para encolado o perforaci\u00f3n c\u00edclica Baumer HHS C-1100-4 con 4 canales Tanque de fusi\u00f3n en caliente Baumer HHS ProMelt HMP-04 8 Kg 4 conexiones de manguera Carro de transporte<\/p>\n","protected":false},"featured_media":66361,"template":"","meta":[],"product_brand":[],"product_cat":[2885],"product_tag":[],"class_list":{"0":"post-93665","1":"product","2":"type-product","3":"status-publish","4":"has-post-thumbnail","6":"product_cat-accesorios-para-plegadoras","7":"pa_baujahr-168","8":"pa_hersteller-baumer-hhs","9":"pa_typ-hhs-c-1100-4-mit-promelt-hmp-04","11":"first","12":"instock","13":"sold-individually","14":"taxable","15":"shipping-taxable","16":"purchasable","17":"product-type-simple"},"jetpack_sharing_enabled":true,"_links":{"self":[{"href":"https:\/\/www.3p-gmbh.de\/es\/wp-json\/wp\/v2\/product\/93665","targetHints":{"allow":["GET"]}}],"collection":[{"href":"https:\/\/www.3p-gmbh.de\/es\/wp-json\/wp\/v2\/product"}],"about":[{"href":"https:\/\/www.3p-gmbh.de\/es\/wp-json\/wp\/v2\/types\/product"}],"wp:featuredmedia":[{"embeddable":true,"href":"https:\/\/www.3p-gmbh.de\/es\/wp-json\/wp\/v2\/media\/66361"}],"wp:attachment":[{"href":"https:\/\/www.3p-gmbh.de\/es\/wp-json\/wp\/v2\/media?parent=93665"}],"wp:term":[{"taxonomy":"product_brand","embeddable":true,"href":"https:\/\/www.3p-gmbh.de\/es\/wp-json\/wp\/v2\/product_brand?post=93665"},{"taxonomy":"product_cat","embeddable":true,"href":"https:\/\/www.3p-gmbh.de\/es\/wp-json\/wp\/v2\/product_cat?post=93665"},{"taxonomy":"product_tag","embeddable":true,"href":"https:\/\/www.3p-gmbh.de\/es\/wp-json\/wp\/v2\/product_tag?post=93665"}],"curies":[{"name":"wp","href":"https:\/\/api.w.org\/{rel}","templated":true}]}}