{"id":93650,"date":"2019-07-11T13:55:29","date_gmt":"2019-07-11T13:55:29","guid":{"rendered":"https:\/\/www.3p-gmbh.de\/produkt\/plegadora-combinada-horizon-afc-544-akt\/"},"modified":"2019-07-11T13:55:29","modified_gmt":"2019-07-11T13:55:29","slug":"plegadora-combinada-con-ajuste-automatico","status":"publish","type":"product","link":"https:\/\/www.3p-gmbh.de\/es\/produkt\/plegadora-combinada-con-ajuste-automatico\/","title":{"rendered":"Plegadora combinada Horizon AFC 544 AKT"},"content":{"rendered":"<p>Plegadora combinada de alto rendimiento Horizon AFC-544 AKT con ajuste autom\u00e1tico y alimentador de pila plana, a\u00f1o 2002, compuesta de 4 bolsillos, 1 espada con 2 bolsillos (izquierda\/derecha) con ajuste autom\u00e1tico<\/p>\n<ul>\n<li>  Funcionamiento muy sencillo y claro gracias a la tecnolog\u00eda Touch&amp;work<\/li>\n<li>Monitor grande de 14 colores<\/li>\n<li>Diecisiete tipos de plegado est\u00e1ndar, incluidos cinco con plegado en cruz, programados de forma permanente<\/li>\n<li>Ajuste autom\u00e1tico de topes y desv\u00edos curvos<\/li>\n<li>Ajuste autom\u00e1tico de toda la estaci\u00f3n de plegado de espadas, incluida la regla de entrada<\/li>\n<li>C\u00e1lculo autom\u00e1tico del ajuste del rodillo de plegado<\/li>\n<li>200 posiciones de programa libremente programables para trabajos recurrentes<\/li>\n<li>Ocupa poco espacio gracias a su dise\u00f1o muy compacto<\/li>\n<li>Construcci\u00f3n de la m\u00e1quina m\u00e1s estable con paredes laterales de acero de 16 mm y rodillos plegables cu\u00e1druples montados<\/li>\n<li>Garantiza la m\u00e1xima vida \u00fatil<\/li>\n<li>Los engranajes helicoidales garantizan el funcionamiento s\u00edncrono y silencioso de la m\u00e1quina con un desgaste m\u00ednimo<\/li>\n<li>La placa de engranajes con embragues de disco integrados garantiza un engranaje ideal de los engranajes de accionamiento para cada tipo de plegado y grosor de papel<\/li>\n<li>Alimentador de pila plana con apilado autom\u00e1tico y cabezal separador starLift<\/li>\n<li>Compatible con la red a trav\u00e9s del software de control Horizon i2i (CIP3\/CIP4)<\/li>\n<li>control electr\u00f3nico de doble hoja<\/li>\n<li>Control del recorrido de la chapa con visualizaci\u00f3n de fallos en el monitor<\/li>\n<li>Contadores totales y predeterminados con funci\u00f3n de parada<\/li>\n<li>Lubricaci\u00f3n centralizada para el accionamiento de los rodillos de plegado<\/li>\n<li>Indicaci\u00f3n de potencia<\/li>\n<li>Dispositivo de hendido y perforaci\u00f3n<\/li>\n<li>Regulaci\u00f3n electr\u00f3nica continua centralizada de la velocidad<\/li>\n<li>Rodillos blandos de acero PU<\/li>\n<li>Suministro con brazo giratorio<\/li>\n<li>incluido el dispositivo de protecci\u00f3n ac\u00fastica y el compresor<\/li>\n<\/ul>\n","protected":false},"excerpt":{"rendered":"<p>Plegadora combinada de alto rendimiento Horizon AFC-544 AKT con ajuste autom\u00e1tico y alimentador de pila plana, a\u00f1o 2002, compuesta de 4 bolsillos, 1 espada con 2 bolsillos (izquierda\/derecha) con ajuste autom\u00e1tico Funcionamiento muy sencillo y claro gracias a la tecnolog\u00eda Touch&amp;work Monitor grande de 14 colores Diecisiete tipos de plegado est\u00e1ndar, incluidos cinco con plegado [&hellip;]<\/p>\n","protected":false},"featured_media":66394,"template":"","meta":[],"product_brand":[],"product_cat":[2982],"product_tag":[],"class_list":{"0":"post-93650","1":"product","2":"type-product","3":"status-publish","4":"has-post-thumbnail","6":"product_cat-plegadoras","7":"pa_baujahr-153","8":"pa_hersteller-horizon","9":"pa_typ-afc-544-akt","11":"first","12":"instock","13":"sold-individually","14":"taxable","15":"shipping-taxable","16":"purchasable","17":"product-type-simple"},"jetpack_sharing_enabled":true,"_links":{"self":[{"href":"https:\/\/www.3p-gmbh.de\/es\/wp-json\/wp\/v2\/product\/93650","targetHints":{"allow":["GET"]}}],"collection":[{"href":"https:\/\/www.3p-gmbh.de\/es\/wp-json\/wp\/v2\/product"}],"about":[{"href":"https:\/\/www.3p-gmbh.de\/es\/wp-json\/wp\/v2\/types\/product"}],"wp:featuredmedia":[{"embeddable":true,"href":"https:\/\/www.3p-gmbh.de\/es\/wp-json\/wp\/v2\/media\/66394"}],"wp:attachment":[{"href":"https:\/\/www.3p-gmbh.de\/es\/wp-json\/wp\/v2\/media?parent=93650"}],"wp:term":[{"taxonomy":"product_brand","embeddable":true,"href":"https:\/\/www.3p-gmbh.de\/es\/wp-json\/wp\/v2\/product_brand?post=93650"},{"taxonomy":"product_cat","embeddable":true,"href":"https:\/\/www.3p-gmbh.de\/es\/wp-json\/wp\/v2\/product_cat?post=93650"},{"taxonomy":"product_tag","embeddable":true,"href":"https:\/\/www.3p-gmbh.de\/es\/wp-json\/wp\/v2\/product_tag?post=93650"}],"curies":[{"name":"wp","href":"https:\/\/api.w.org\/{rel}","templated":true}]}}