{"id":93644,"date":"2019-07-11T13:54:40","date_gmt":"2019-07-11T13:54:40","guid":{"rendered":"https:\/\/www.3p-gmbh.de\/produkt\/planta-de-procesado-basf-cw-35x50-nyloprint\/"},"modified":"2019-07-11T13:54:40","modified_gmt":"2019-07-11T13:54:40","slug":"planta-de-procesamiento-nyloprint","status":"publish","type":"product","link":"https:\/\/www.3p-gmbh.de\/es\/produkt\/planta-de-procesamiento-nyloprint\/","title":{"rendered":"Planta de procesado BASF CW 35&#215;50 Nyloprint"},"content":{"rendered":"<p>L\u00ednea completa para la producci\u00f3n de formas de nyloprinting lavables en agua (BASF\/Flint) hasta un formato de 350x500mm, compuesta por:<\/p>\n<ul>\n<li>Fotoc\u00e1mara con l\u00e1mparas UV especiales, mesa de vac\u00edo con bomba de vac\u00edo<\/li>\n<li>Arandela plana con regulaci\u00f3n continua de la temperatura del agua de 0 a 40\u00b0 C, sistema de flujo continuo, ajuste autom\u00e1tico de la presi\u00f3n del cepillo para cualquier espesor de material.<\/li>\n<li>Secador de aire caliente con compartimento de almacenamiento<\/li>\n<\/ul>\n","protected":false},"excerpt":{"rendered":"<p>L\u00ednea completa para la producci\u00f3n de formas de nyloprinting lavables en agua (BASF\/Flint) hasta un formato de 350x500mm, compuesta por: Fotoc\u00e1mara con l\u00e1mparas UV especiales, mesa de vac\u00edo con bomba de vac\u00edo Arandela plana con regulaci\u00f3n continua de la temperatura del agua de 0 a 40\u00b0 C, sistema de flujo continuo, ajuste autom\u00e1tico de la [&hellip;]<\/p>\n","protected":false},"featured_media":65563,"template":"","meta":[],"product_brand":[],"product_cat":[3000],"product_tag":[],"class_list":{"0":"post-93644","1":"product","2":"type-product","3":"status-publish","4":"has-post-thumbnail","6":"product_cat-tratamiento-de-las-planchas-de-impresion-es","7":"pa_baujahr-158","8":"pa_hersteller-basf","9":"pa_typ-cw-35x50","11":"first","12":"instock","13":"sold-individually","14":"taxable","15":"shipping-taxable","16":"purchasable","17":"product-type-simple"},"jetpack_sharing_enabled":true,"_links":{"self":[{"href":"https:\/\/www.3p-gmbh.de\/es\/wp-json\/wp\/v2\/product\/93644","targetHints":{"allow":["GET"]}}],"collection":[{"href":"https:\/\/www.3p-gmbh.de\/es\/wp-json\/wp\/v2\/product"}],"about":[{"href":"https:\/\/www.3p-gmbh.de\/es\/wp-json\/wp\/v2\/types\/product"}],"wp:featuredmedia":[{"embeddable":true,"href":"https:\/\/www.3p-gmbh.de\/es\/wp-json\/wp\/v2\/media\/65563"}],"wp:attachment":[{"href":"https:\/\/www.3p-gmbh.de\/es\/wp-json\/wp\/v2\/media?parent=93644"}],"wp:term":[{"taxonomy":"product_brand","embeddable":true,"href":"https:\/\/www.3p-gmbh.de\/es\/wp-json\/wp\/v2\/product_brand?post=93644"},{"taxonomy":"product_cat","embeddable":true,"href":"https:\/\/www.3p-gmbh.de\/es\/wp-json\/wp\/v2\/product_cat?post=93644"},{"taxonomy":"product_tag","embeddable":true,"href":"https:\/\/www.3p-gmbh.de\/es\/wp-json\/wp\/v2\/product_tag?post=93644"}],"curies":[{"name":"wp","href":"https:\/\/api.w.org\/{rel}","templated":true}]}}