{"id":93635,"date":"2019-07-11T13:54:40","date_gmt":"2019-07-11T13:54:40","guid":{"rendered":"https:\/\/www.3p-gmbh.de\/produkt\/sistema-de-pruebas-epson-7600-stylus-pro-con-proofmaster-rip\/"},"modified":"2019-07-11T13:54:40","modified_gmt":"2019-07-11T13:54:40","slug":"epson-proofsystem-con-proofmaster-rip","status":"publish","type":"product","link":"https:\/\/www.3p-gmbh.de\/es\/produkt\/epson-proofsystem-con-proofmaster-rip\/","title":{"rendered":"Sistema de pruebas Epson 7600 Stylus Pro con ProofMaster Rip"},"content":{"rendered":"<p>En los negocios, no puedes correr riesgos con tus clientes. Tiene que completar los pedidos de sus clientes con precisi\u00f3n y a tiempo. Desde luego, no querr\u00e1 discutir con sus clientes sobre si los colores son correctos o incumplir una fecha de entrega porque se necesita m\u00e1s tiempo para las pruebas. Necesitas pruebas con una precisi\u00f3n demostrable. Y un software de pruebas que no s\u00f3lo sea f\u00e1cil de usar, sino que adem\u00e1s le ofrezca la flexibilidad que necesita para trabajar como desea. Un dispositivo de medici\u00f3n incluido en el paquete se utiliza para calibrar la unidad y para medir diversos tipos de papel; adem\u00e1s, la unidad se utiliza para garantizar la calidad durante el funcionamiento.<\/p>\n<ul>\n<li>Epson Stylus Pro 7600 de sobremesa<\/li>\n<li>Impresora de inyecci\u00f3n de tinta con tecnolog\u00eda de tinta de 7 colores EPSON UltraChrome(TM)<\/li>\n<li>Optimizaci\u00f3n de la tinta negra para todas las necesidades de impresi\u00f3n<\/li>\n<li>Tinta negra clara para una impresi\u00f3n fotogr\u00e1fica superior<\/li>\n<li>Tecnolog\u00eda avanzada de cabezal de impresi\u00f3n Micro Piezo(TM) con 2880 ppp<\/li>\n<li>Alta calidad de impresi\u00f3n, bajos costes de impresi\u00f3n<\/li>\n<li>Vers\u00e1til, flexible y f\u00e1cil de usar<\/li>\n<li>Resoluci\u00f3n m\u00e1xima 2880 x 1440 ppp<\/li>\n<li>Conexi\u00f3n paralela\/USB<\/li>\n<li>Tipos de soporte: Hoja o rollo (anchura m\u00e1x. 61,0 cm)<\/li>\n<\/ul>\n<p>&nbsp;<\/p>\n<ul>\n<li>PerfectProof Proofmaster Rip 3.1<\/li>\n<li>Paquete de software para controlar la Epson Stylus 7600<\/li>\n<li>Controlador de clase 3 (tambi\u00e9n se pueden controlar otros dispositivos de salida de mayor formato)<\/li>\n<li>Sistema operativo Windows 2003 Server<\/li>\n<\/ul>\n<p>Dispositivo de medici\u00f3n Gretag SpectroScan con mesa de medici\u00f3n Spectrolino<br \/>\nEl espectrofot\u00f3metro Spectrolino es el instrumento de medici\u00f3n preciso para todos los \u00e1mbitos de la industria gr\u00e1fica: \u00a1remisi\u00f3n, transmisi\u00f3n y emisi\u00f3n! Esto significa que las muestras de color y papel, las diapositivas, las cartas de colores y los monitores siempre se pueden medir de forma r\u00e1pida, fiable y absolutamente precisa. Con el pr\u00e1ctico dispositivo de medici\u00f3n, conseguir\u00e1 un gran rendimiento con el m\u00ednimo esfuerzo: calidad constante, desde la recepci\u00f3n del pedido hasta la entrega del producto final impreso. El Spectrolino se conecta al PC a trav\u00e9s de la interfaz RS 232C integrada. Gracias al sistema de \u00f3ptica anular, las mediciones son igual de fiables incluso en \u00e1ngulos diferentes. Para la medici\u00f3n de las emisiones, el Spectrolino se fija de forma segura y cuidadosa a la pantalla mediante el soporte suministrado. La mesa de medici\u00f3n x\/y SpectroScan T convierte el Spectrolino en una estaci\u00f3n de trabajo totalmente autom\u00e1tica para la medici\u00f3n de cartas de colores.<\/p>\n","protected":false},"excerpt":{"rendered":"<p>En los negocios, no puedes correr riesgos con tus clientes. Tiene que completar los pedidos de sus clientes con precisi\u00f3n y a tiempo. Desde luego, no querr\u00e1 discutir con sus clientes sobre si los colores son correctos o incumplir una fecha de entrega porque se necesita m\u00e1s tiempo para las pruebas. Necesitas pruebas con una [&hellip;]<\/p>\n","protected":false},"featured_media":65587,"template":"","meta":[],"product_brand":[],"product_cat":[2971],"product_tag":[],"class_list":{"0":"post-93635","1":"product","2":"type-product","3":"status-publish","4":"has-post-thumbnail","6":"product_cat-impresion-digital","7":"pa_baujahr-153","8":"pa_hersteller-epson-proofmaster","9":"pa_typ-stylus-7600","11":"first","12":"instock","13":"sold-individually","14":"taxable","15":"shipping-taxable","16":"purchasable","17":"product-type-simple"},"jetpack_sharing_enabled":true,"_links":{"self":[{"href":"https:\/\/www.3p-gmbh.de\/es\/wp-json\/wp\/v2\/product\/93635","targetHints":{"allow":["GET"]}}],"collection":[{"href":"https:\/\/www.3p-gmbh.de\/es\/wp-json\/wp\/v2\/product"}],"about":[{"href":"https:\/\/www.3p-gmbh.de\/es\/wp-json\/wp\/v2\/types\/product"}],"wp:featuredmedia":[{"embeddable":true,"href":"https:\/\/www.3p-gmbh.de\/es\/wp-json\/wp\/v2\/media\/65587"}],"wp:attachment":[{"href":"https:\/\/www.3p-gmbh.de\/es\/wp-json\/wp\/v2\/media?parent=93635"}],"wp:term":[{"taxonomy":"product_brand","embeddable":true,"href":"https:\/\/www.3p-gmbh.de\/es\/wp-json\/wp\/v2\/product_brand?post=93635"},{"taxonomy":"product_cat","embeddable":true,"href":"https:\/\/www.3p-gmbh.de\/es\/wp-json\/wp\/v2\/product_cat?post=93635"},{"taxonomy":"product_tag","embeddable":true,"href":"https:\/\/www.3p-gmbh.de\/es\/wp-json\/wp\/v2\/product_tag?post=93635"}],"curies":[{"name":"wp","href":"https:\/\/api.w.org\/{rel}","templated":true}]}}