{"id":93628,"date":"2019-07-11T13:54:40","date_gmt":"2019-07-11T13:54:40","guid":{"rendered":"https:\/\/www.3p-gmbh.de\/produkt\/horno-technografica-ebo-1250\/"},"modified":"2019-07-11T13:54:40","modified_gmt":"2019-07-11T13:54:40","slug":"horno-horizontal-de-placas-a-presion","status":"publish","type":"product","link":"https:\/\/www.3p-gmbh.de\/es\/produkt\/horno-horizontal-de-placas-a-presion\/","title":{"rendered":"Horno Technografica EBO 1250"},"content":{"rendered":"<p>El horno de cocci\u00f3n de planchas Technografica EBO 1250 del a\u00f1o de fabricaci\u00f3n 2001 es adecuado para el procesamiento de planchas de impresi\u00f3n offset prelacadas por una sola cara hasta un m\u00e1ximo de. Anchura de entrada 1250 mm. La combusti\u00f3n con el horno de cocci\u00f3n aumenta la vida \u00fatil de las planchas de impresi\u00f3n en la prensa. El tratamiento t\u00e9rmico por ambas caras mediante el proceso de aire circulante da como resultado paneles cocidos uniformemente con buena planitud. La temperatura se puede ajustar de forma variable de 0 a 300 \u00baC. El consumo de energ\u00eda se reduce al m\u00ednimo mediante un termostato de control y un elaborado aislamiento.<\/p>\n<p>Disponible como opci\u00f3n: varias mesas de transporte intermedias ZTA y deflectores de esquinas EKT<\/p>\n","protected":false},"excerpt":{"rendered":"<p>El horno de cocci\u00f3n de planchas Technografica EBO 1250 del a\u00f1o de fabricaci\u00f3n 2001 es adecuado para el procesamiento de planchas de impresi\u00f3n offset prelacadas por una sola cara hasta un m\u00e1ximo de. Anchura de entrada 1250 mm. La combusti\u00f3n con el horno de cocci\u00f3n aumenta la vida \u00fatil de las planchas de impresi\u00f3n en [&hellip;]<\/p>\n","protected":false},"featured_media":65602,"template":"","meta":[],"product_brand":[],"product_cat":[3000],"product_tag":[],"class_list":{"0":"post-93628","1":"product","2":"type-product","3":"status-publish","4":"has-post-thumbnail","6":"product_cat-tratamiento-de-las-planchas-de-impresion-es","7":"pa_baujahr-130","8":"pa_hersteller-techno-grafica","9":"pa_typ-diamant-ebo-1250-mit-spg","11":"first","12":"instock","13":"sold-individually","14":"taxable","15":"shipping-taxable","16":"purchasable","17":"product-type-simple"},"jetpack_sharing_enabled":true,"_links":{"self":[{"href":"https:\/\/www.3p-gmbh.de\/es\/wp-json\/wp\/v2\/product\/93628","targetHints":{"allow":["GET"]}}],"collection":[{"href":"https:\/\/www.3p-gmbh.de\/es\/wp-json\/wp\/v2\/product"}],"about":[{"href":"https:\/\/www.3p-gmbh.de\/es\/wp-json\/wp\/v2\/types\/product"}],"wp:featuredmedia":[{"embeddable":true,"href":"https:\/\/www.3p-gmbh.de\/es\/wp-json\/wp\/v2\/media\/65602"}],"wp:attachment":[{"href":"https:\/\/www.3p-gmbh.de\/es\/wp-json\/wp\/v2\/media?parent=93628"}],"wp:term":[{"taxonomy":"product_brand","embeddable":true,"href":"https:\/\/www.3p-gmbh.de\/es\/wp-json\/wp\/v2\/product_brand?post=93628"},{"taxonomy":"product_cat","embeddable":true,"href":"https:\/\/www.3p-gmbh.de\/es\/wp-json\/wp\/v2\/product_cat?post=93628"},{"taxonomy":"product_tag","embeddable":true,"href":"https:\/\/www.3p-gmbh.de\/es\/wp-json\/wp\/v2\/product_tag?post=93628"}],"curies":[{"name":"wp","href":"https:\/\/api.w.org\/{rel}","templated":true}]}}