{"id":93605,"date":"2019-07-11T13:54:40","date_gmt":"2019-07-11T13:54:40","guid":{"rendered":"https:\/\/www.3p-gmbh.de\/produkt\/apilador-de-paneles-grafoteam-pst-480-c\/"},"modified":"2019-07-11T13:54:40","modified_gmt":"2019-07-11T13:54:40","slug":"apilador-de-placas-2","status":"publish","type":"product","link":"https:\/\/www.3p-gmbh.de\/es\/produkt\/apilador-de-placas-2\/","title":{"rendered":"Apilador de paneles Grafoteam PST 480 C"},"content":{"rendered":"<p>El apilador de planchas se caracteriza por su dise\u00f1o compacto y flexible y es la soluci\u00f3n ideal para los procesos de producci\u00f3n autom\u00e1ticos. Para una seguridad m\u00e1xima, el PST est\u00e1 equipado con un sistema electr\u00f3nico de sobrecarga. Los errores se indican ac\u00fastica y visualmente.<\/p>\n<ul>\n<li>Dedos de transporte ajustables para paneles de tama\u00f1o m\u00edn. 324 x 394 [mm] m\u00e1x. 1160 x 940  [mm]<\/li>\n<li>El PST 48 dispone de una interfaz electr\u00f3nica para varias configuraciones de filmadora de planchas<\/li>\n<li>Velocidad regulable de las cintas transportadoras<\/li>\n<li>Imanes para un posicionamiento preciso del carro portapaneles<\/li>\n<li>Los brazos de transporte pueden elevarse para realizar trabajos de mantenimiento en la procesadora de placas<\/li>\n<\/ul>\n","protected":false},"excerpt":{"rendered":"<p>El apilador de planchas se caracteriza por su dise\u00f1o compacto y flexible y es la soluci\u00f3n ideal para los procesos de producci\u00f3n autom\u00e1ticos. Para una seguridad m\u00e1xima, el PST est\u00e1 equipado con un sistema electr\u00f3nico de sobrecarga. Los errores se indican ac\u00fastica y visualmente. Dedos de transporte ajustables para paneles de tama\u00f1o m\u00edn. 324 x [&hellip;]<\/p>\n","protected":false},"featured_media":65656,"template":"","meta":[],"product_brand":[],"product_cat":[3000],"product_tag":[],"class_list":{"0":"post-93605","1":"product","2":"type-product","3":"status-publish","4":"has-post-thumbnail","6":"product_cat-tratamiento-de-las-planchas-de-impresion-es","7":"pa_baujahr-326","8":"pa_hersteller-grafoteam","9":"pa_typ-pst-480-c","11":"first","12":"instock","13":"sold-individually","14":"taxable","15":"shipping-taxable","16":"purchasable","17":"product-type-simple"},"jetpack_sharing_enabled":true,"_links":{"self":[{"href":"https:\/\/www.3p-gmbh.de\/es\/wp-json\/wp\/v2\/product\/93605","targetHints":{"allow":["GET"]}}],"collection":[{"href":"https:\/\/www.3p-gmbh.de\/es\/wp-json\/wp\/v2\/product"}],"about":[{"href":"https:\/\/www.3p-gmbh.de\/es\/wp-json\/wp\/v2\/types\/product"}],"wp:featuredmedia":[{"embeddable":true,"href":"https:\/\/www.3p-gmbh.de\/es\/wp-json\/wp\/v2\/media\/65656"}],"wp:attachment":[{"href":"https:\/\/www.3p-gmbh.de\/es\/wp-json\/wp\/v2\/media?parent=93605"}],"wp:term":[{"taxonomy":"product_brand","embeddable":true,"href":"https:\/\/www.3p-gmbh.de\/es\/wp-json\/wp\/v2\/product_brand?post=93605"},{"taxonomy":"product_cat","embeddable":true,"href":"https:\/\/www.3p-gmbh.de\/es\/wp-json\/wp\/v2\/product_cat?post=93605"},{"taxonomy":"product_tag","embeddable":true,"href":"https:\/\/www.3p-gmbh.de\/es\/wp-json\/wp\/v2\/product_tag?post=93605"}],"curies":[{"name":"wp","href":"https:\/\/api.w.org\/{rel}","templated":true}]}}