{"id":93593,"date":"2019-07-11T13:54:40","date_gmt":"2019-07-11T13:54:40","guid":{"rendered":"https:\/\/www.3p-gmbh.de\/produkt\/medidor-de-planchas-de-impresion-techkon-spectro-plate\/"},"modified":"2019-07-11T13:54:40","modified_gmt":"2019-07-11T13:54:40","slug":"dispositivo-de-medicion-del-plato-de-presion","status":"publish","type":"product","link":"https:\/\/www.3p-gmbh.de\/es\/produkt\/dispositivo-de-medicion-del-plato-de-presion\/","title":{"rendered":"Medidor de planchas de impresi\u00f3n Techkon Spectro-Plate"},"content":{"rendered":"<p>El aparato est\u00e1 disponible en las variantes SpectroPlate Start o Expert. SpectroPlate no conoce restricciones en cuanto a la forma o el tama\u00f1o de la rejilla a analizar. Ya sea cribado FM, AM o h\u00edbrido: gracias al preciso sistema \u00f3ptico, la alta resoluci\u00f3n del sensor de imagen y los sofisticados c\u00e1lculos gr\u00e1ficos, el dispositivo de medici\u00f3n domina la evaluaci\u00f3n exacta de cualquier tecnolog\u00eda de cribado. La iluminaci\u00f3n espectral de banda ancha de la muestra y el an\u00e1lisis din\u00e1mico del color detectan con fiabilidad materiales de paneles y superficies de diferentes colores y revestimientos.<\/p>\n","protected":false},"excerpt":{"rendered":"<p>El aparato est\u00e1 disponible en las variantes SpectroPlate Start o Expert. SpectroPlate no conoce restricciones en cuanto a la forma o el tama\u00f1o de la rejilla a analizar. Ya sea cribado FM, AM o h\u00edbrido: gracias al preciso sistema \u00f3ptico, la alta resoluci\u00f3n del sensor de imagen y los sofisticados c\u00e1lculos gr\u00e1ficos, el dispositivo de [&hellip;]<\/p>\n","protected":false},"featured_media":65680,"template":"","meta":[],"product_brand":[],"product_cat":[2933],"product_tag":[],"class_list":{"0":"post-93593","1":"product","2":"type-product","3":"status-publish","4":"has-post-thumbnail","6":"product_cat-instrumentos-de-medida-y-control-de-calidad","7":"pa_hersteller-techkon","8":"pa_typ-spectroplate","10":"first","11":"instock","12":"sold-individually","13":"taxable","14":"shipping-taxable","15":"purchasable","16":"product-type-simple"},"jetpack_sharing_enabled":true,"_links":{"self":[{"href":"https:\/\/www.3p-gmbh.de\/es\/wp-json\/wp\/v2\/product\/93593","targetHints":{"allow":["GET"]}}],"collection":[{"href":"https:\/\/www.3p-gmbh.de\/es\/wp-json\/wp\/v2\/product"}],"about":[{"href":"https:\/\/www.3p-gmbh.de\/es\/wp-json\/wp\/v2\/types\/product"}],"wp:featuredmedia":[{"embeddable":true,"href":"https:\/\/www.3p-gmbh.de\/es\/wp-json\/wp\/v2\/media\/65680"}],"wp:attachment":[{"href":"https:\/\/www.3p-gmbh.de\/es\/wp-json\/wp\/v2\/media?parent=93593"}],"wp:term":[{"taxonomy":"product_brand","embeddable":true,"href":"https:\/\/www.3p-gmbh.de\/es\/wp-json\/wp\/v2\/product_brand?post=93593"},{"taxonomy":"product_cat","embeddable":true,"href":"https:\/\/www.3p-gmbh.de\/es\/wp-json\/wp\/v2\/product_cat?post=93593"},{"taxonomy":"product_tag","embeddable":true,"href":"https:\/\/www.3p-gmbh.de\/es\/wp-json\/wp\/v2\/product_tag?post=93593"}],"curies":[{"name":"wp","href":"https:\/\/api.w.org\/{rel}","templated":true}]}}