{"id":93583,"date":"2019-07-11T13:54:40","date_gmt":"2019-07-11T13:54:40","guid":{"rendered":"https:\/\/www.3p-gmbh.de\/produkt\/sistema-de-filtracion-por-placas-logotec-cms-para-ctp\/"},"modified":"2019-07-11T13:54:40","modified_gmt":"2019-07-11T13:54:40","slug":"sistema-de-filtracion-para-la-secta-desarrolladora","status":"publish","type":"product","link":"https:\/\/www.3p-gmbh.de\/es\/produkt\/sistema-de-filtracion-para-la-secta-desarrolladora\/","title":{"rendered":"Sistema de filtraci\u00f3n por placas Logotec CMS para CtP"},"content":{"rendered":"<p>El sistema de filtraci\u00f3n de la secci\u00f3n de revelado de las procesadoras de planchas para tecnolog\u00eda CtP y CtC limpia constantemente la secci\u00f3n de revelado y, por tanto, permite ampliar considerablemente la disponibilidad de producci\u00f3n (vida \u00fatil) de la procesadora de planchas. El sistema de limpieza es adecuado para el procesamiento de planchas de fotopol\u00edmero y de impresi\u00f3n t\u00e9rmica, as\u00ed como para planchas convencionales.<\/p>\n<p>\u00bfPor qu\u00e9 filtrar la secci\u00f3n de revelado?<\/p>\n<ul>\n<li>para un proceso m\u00e1s estable<\/li>\n<li>aumentar la disponibilidad de la producci\u00f3n<\/li>\n<li>para lograr una mayor vida \u00fatil del revelador de placas<\/li>\n<li>para un menor uso de productos qu\u00edmicos<\/li>\n<li>para reducir el esfuerzo y los costes de eliminaci\u00f3n<\/li>\n<\/ul>\n","protected":false},"excerpt":{"rendered":"<p>El sistema de filtraci\u00f3n de la secci\u00f3n de revelado de las procesadoras de planchas para tecnolog\u00eda CtP y CtC limpia constantemente la secci\u00f3n de revelado y, por tanto, permite ampliar considerablemente la disponibilidad de producci\u00f3n (vida \u00fatil) de la procesadora de planchas. El sistema de limpieza es adecuado para el procesamiento de planchas de fotopol\u00edmero [&hellip;]<\/p>\n","protected":false},"featured_media":65665,"template":"","meta":[],"product_brand":[],"product_cat":[3000],"product_tag":[],"class_list":{"0":"post-93583","1":"product","2":"type-product","3":"status-publish","4":"has-post-thumbnail","6":"product_cat-tratamiento-de-las-planchas-de-impresion-es","7":"pa_baujahr-143","8":"pa_hersteller-logotec","9":"pa_typ-cms-plate","11":"first","12":"instock","13":"sold-individually","14":"taxable","15":"shipping-taxable","16":"purchasable","17":"product-type-simple"},"jetpack_sharing_enabled":true,"_links":{"self":[{"href":"https:\/\/www.3p-gmbh.de\/es\/wp-json\/wp\/v2\/product\/93583","targetHints":{"allow":["GET"]}}],"collection":[{"href":"https:\/\/www.3p-gmbh.de\/es\/wp-json\/wp\/v2\/product"}],"about":[{"href":"https:\/\/www.3p-gmbh.de\/es\/wp-json\/wp\/v2\/types\/product"}],"wp:featuredmedia":[{"embeddable":true,"href":"https:\/\/www.3p-gmbh.de\/es\/wp-json\/wp\/v2\/media\/65665"}],"wp:attachment":[{"href":"https:\/\/www.3p-gmbh.de\/es\/wp-json\/wp\/v2\/media?parent=93583"}],"wp:term":[{"taxonomy":"product_brand","embeddable":true,"href":"https:\/\/www.3p-gmbh.de\/es\/wp-json\/wp\/v2\/product_brand?post=93583"},{"taxonomy":"product_cat","embeddable":true,"href":"https:\/\/www.3p-gmbh.de\/es\/wp-json\/wp\/v2\/product_cat?post=93583"},{"taxonomy":"product_tag","embeddable":true,"href":"https:\/\/www.3p-gmbh.de\/es\/wp-json\/wp\/v2\/product_tag?post=93583"}],"curies":[{"name":"wp","href":"https:\/\/api.w.org\/{rel}","templated":true}]}}