{"id":93568,"date":"2019-07-11T13:54:47","date_gmt":"2019-07-11T13:54:47","guid":{"rendered":"https:\/\/www.3p-gmbh.de\/produkt\/cubeta-de-desarrollo-lefra\/"},"modified":"2019-07-11T13:54:47","modified_gmt":"2019-07-11T13:54:47","slug":"taco-de-desarrollo","status":"publish","type":"product","link":"https:\/\/www.3p-gmbh.de\/es\/produkt\/taco-de-desarrollo\/","title":{"rendered":"Cubeta de desarrollo Lefra"},"content":{"rendered":"<p>Cubeta de revelado para planchas de impresi\u00f3n offset con calefacci\u00f3n, temporizador y volumen de dep\u00f3sito de 21 litros<\/p>\n","protected":false},"excerpt":{"rendered":"<p>Cubeta de revelado para planchas de impresi\u00f3n offset con calefacci\u00f3n, temporizador y volumen de dep\u00f3sito de 21 litros<\/p>\n","protected":false},"featured_media":0,"template":"","meta":[],"product_brand":[],"product_cat":[3000],"product_tag":[],"class_list":{"0":"post-93568","1":"product","2":"type-product","3":"status-publish","5":"product_cat-tratamiento-de-las-planchas-de-impresion-es","6":"pa_baujahr-140","7":"pa_hersteller-frank-l-e-co-gmbh-kunststofftechnik-a","8":"pa_typ-lefra-modell-10-50-100","10":"first","11":"instock","12":"sold-individually","13":"taxable","14":"shipping-taxable","15":"purchasable","16":"product-type-simple"},"jetpack_sharing_enabled":true,"_links":{"self":[{"href":"https:\/\/www.3p-gmbh.de\/es\/wp-json\/wp\/v2\/product\/93568","targetHints":{"allow":["GET"]}}],"collection":[{"href":"https:\/\/www.3p-gmbh.de\/es\/wp-json\/wp\/v2\/product"}],"about":[{"href":"https:\/\/www.3p-gmbh.de\/es\/wp-json\/wp\/v2\/types\/product"}],"wp:attachment":[{"href":"https:\/\/www.3p-gmbh.de\/es\/wp-json\/wp\/v2\/media?parent=93568"}],"wp:term":[{"taxonomy":"product_brand","embeddable":true,"href":"https:\/\/www.3p-gmbh.de\/es\/wp-json\/wp\/v2\/product_brand?post=93568"},{"taxonomy":"product_cat","embeddable":true,"href":"https:\/\/www.3p-gmbh.de\/es\/wp-json\/wp\/v2\/product_cat?post=93568"},{"taxonomy":"product_tag","embeddable":true,"href":"https:\/\/www.3p-gmbh.de\/es\/wp-json\/wp\/v2\/product_tag?post=93568"}],"curies":[{"name":"wp","href":"https:\/\/api.w.org\/{rel}","templated":true}]}}