{"id":93554,"date":"2019-07-11T13:54:54","date_gmt":"2019-07-11T13:54:54","guid":{"rendered":"https:\/\/www.3p-gmbh.de\/produkt\/cortadora-jug-priest-ideal-5221-90\/"},"modified":"2019-07-11T13:54:54","modified_gmt":"2019-07-11T13:54:54","slug":"cortadora-electrica-de-pilas","status":"publish","type":"product","link":"https:\/\/www.3p-gmbh.de\/es\/produkt\/cortadora-electrica-de-pilas\/","title":{"rendered":"Cortadora Jug &amp; Priest Ideal 5221-90"},"content":{"rendered":"<ul>\n<li>con dos mesas auxiliares<\/li>\n<li>Pantalla de medici\u00f3n digital, medici\u00f3n en cm<\/li>\n<li>con desbloqueo bimanual<\/li>\n<li>Interpretaci\u00f3n cortada<\/li>\n<li>Cortadora apiladora con 520 mm de anchura de corte, espesor: 80 mm<\/li>\n<li>m\u00e1x. Distancia sill\u00edn-cuchilla: 520mm<\/li>\n<li>Prensado el\u00e9ctrico y prensado\/corte<\/li>\n<li>Interruptor principal con llave<\/li>\n<li>Tope trasero con manivela para ajuste fino<\/li>\n<\/ul>\n","protected":false},"excerpt":{"rendered":"<p>con dos mesas auxiliares Pantalla de medici\u00f3n digital, medici\u00f3n en cm con desbloqueo bimanual Interpretaci\u00f3n cortada Cortadora apiladora con 520 mm de anchura de corte, espesor: 80 mm m\u00e1x. Distancia sill\u00edn-cuchilla: 520mm Prensado el\u00e9ctrico y prensado\/corte Interruptor principal con llave Tope trasero con manivela para ajuste fino<\/p>\n","protected":false},"featured_media":65776,"template":"","meta":[],"product_brand":[],"product_cat":[3018],"product_tag":[],"class_list":{"0":"post-93554","1":"product","2":"type-product","3":"status-publish","4":"has-post-thumbnail","6":"product_cat-maquinas-de-corte-es","7":"pa_baujahr-196","8":"pa_hersteller-krug-priester","9":"pa_typ-ideal-5221-90","11":"first","12":"instock","13":"sold-individually","14":"taxable","15":"shipping-taxable","16":"purchasable","17":"product-type-simple"},"jetpack_sharing_enabled":true,"_links":{"self":[{"href":"https:\/\/www.3p-gmbh.de\/es\/wp-json\/wp\/v2\/product\/93554","targetHints":{"allow":["GET"]}}],"collection":[{"href":"https:\/\/www.3p-gmbh.de\/es\/wp-json\/wp\/v2\/product"}],"about":[{"href":"https:\/\/www.3p-gmbh.de\/es\/wp-json\/wp\/v2\/types\/product"}],"wp:featuredmedia":[{"embeddable":true,"href":"https:\/\/www.3p-gmbh.de\/es\/wp-json\/wp\/v2\/media\/65776"}],"wp:attachment":[{"href":"https:\/\/www.3p-gmbh.de\/es\/wp-json\/wp\/v2\/media?parent=93554"}],"wp:term":[{"taxonomy":"product_brand","embeddable":true,"href":"https:\/\/www.3p-gmbh.de\/es\/wp-json\/wp\/v2\/product_brand?post=93554"},{"taxonomy":"product_cat","embeddable":true,"href":"https:\/\/www.3p-gmbh.de\/es\/wp-json\/wp\/v2\/product_cat?post=93554"},{"taxonomy":"product_tag","embeddable":true,"href":"https:\/\/www.3p-gmbh.de\/es\/wp-json\/wp\/v2\/product_tag?post=93554"}],"curies":[{"name":"wp","href":"https:\/\/api.w.org\/{rel}","templated":true}]}}