{"id":93548,"date":"2019-07-11T13:54:54","date_gmt":"2019-07-11T13:54:54","guid":{"rendered":"https:\/\/www.3p-gmbh.de\/produkt\/polar-mohr-tr-130-el-4-transomat-apilador\/"},"modified":"2019-07-11T13:54:54","modified_gmt":"2019-07-11T13:54:54","slug":"apilador","status":"publish","type":"product","link":"https:\/\/www.3p-gmbh.de\/es\/produkt\/apilador\/","title":{"rendered":"Polar Mohr TR 130 EL-4 Transomat &#8211; Apilador"},"content":{"rendered":"<p>Como alternativa (de pie a la izquierda) al elevador de pila, los Transomats pueden utilizarse para descargar una guillotina de alta velocidad. Transomat coloca autom\u00e1ticamente las capas divididas y no divididas en pal\u00e9s mientras contin\u00faa cortando simult\u00e1neamente. Esto reduce los costes de producci\u00f3n entre un 25% y un 70%, seg\u00fan el programa de corte. Gracias a la punta de paleta, la Transomat alcanza una precisi\u00f3n de cantos especialmente elevada.<\/p>\n<p>Ventajas:<\/p>\n<ul>\n<li>Aumento de la productividad: apilado al mismo tiempo que corte<\/li>\n<li>Calidad mejorada: las pilas con bordes especialmente precisos pueden procesarse m\u00e1s directamente y con mayor rapidez.<\/li>\n<\/ul>\n","protected":false},"excerpt":{"rendered":"<p>Como alternativa (de pie a la izquierda) al elevador de pila, los Transomats pueden utilizarse para descargar una guillotina de alta velocidad. Transomat coloca autom\u00e1ticamente las capas divididas y no divididas en pal\u00e9s mientras contin\u00faa cortando simult\u00e1neamente. Esto reduce los costes de producci\u00f3n entre un 25% y un 70%, seg\u00fan el programa de corte. Gracias [&hellip;]<\/p>\n","protected":false},"featured_media":65788,"template":"","meta":[],"product_brand":[],"product_cat":[3018],"product_tag":[],"class_list":{"0":"post-93548","1":"product","2":"type-product","3":"status-publish","4":"has-post-thumbnail","6":"product_cat-maquinas-de-corte-es","7":"pa_baujahr-182","8":"pa_hersteller-polar-mohr","9":"pa_typ-transomat-tr-130-4-el","11":"first","12":"instock","13":"sold-individually","14":"taxable","15":"shipping-taxable","16":"purchasable","17":"product-type-simple"},"jetpack_sharing_enabled":true,"_links":{"self":[{"href":"https:\/\/www.3p-gmbh.de\/es\/wp-json\/wp\/v2\/product\/93548","targetHints":{"allow":["GET"]}}],"collection":[{"href":"https:\/\/www.3p-gmbh.de\/es\/wp-json\/wp\/v2\/product"}],"about":[{"href":"https:\/\/www.3p-gmbh.de\/es\/wp-json\/wp\/v2\/types\/product"}],"wp:featuredmedia":[{"embeddable":true,"href":"https:\/\/www.3p-gmbh.de\/es\/wp-json\/wp\/v2\/media\/65788"}],"wp:attachment":[{"href":"https:\/\/www.3p-gmbh.de\/es\/wp-json\/wp\/v2\/media?parent=93548"}],"wp:term":[{"taxonomy":"product_brand","embeddable":true,"href":"https:\/\/www.3p-gmbh.de\/es\/wp-json\/wp\/v2\/product_brand?post=93548"},{"taxonomy":"product_cat","embeddable":true,"href":"https:\/\/www.3p-gmbh.de\/es\/wp-json\/wp\/v2\/product_cat?post=93548"},{"taxonomy":"product_tag","embeddable":true,"href":"https:\/\/www.3p-gmbh.de\/es\/wp-json\/wp\/v2\/product_tag?post=93548"}],"curies":[{"name":"wp","href":"https:\/\/api.w.org\/{rel}","templated":true}]}}