{"id":93523,"date":"2019-07-11T13:54:54","date_gmt":"2019-07-11T13:54:54","guid":{"rendered":"https:\/\/www.3p-gmbh.de\/produkt\/linea-de-corte-polar-mohr-137-em-mon\/"},"modified":"2019-07-11T13:54:54","modified_gmt":"2019-07-11T13:54:54","slug":"gran-linea-de-corte","status":"publish","type":"product","link":"https:\/\/www.3p-gmbh.de\/es\/produkt\/gran-linea-de-corte\/","title":{"rendered":"L\u00ednea de corte Polar Mohr 137 EM-MON"},"content":{"rendered":"<ul>\n<li>Carretilla elevadora Polar BFA 1000-G-3 con ventilaci\u00f3n de las capas superiores<\/li>\n<li>Vibrador Polar RAB con rodillo de expulsi\u00f3n de aire<\/li>\n<li>Cargador de mesa trasera Transomat Polar (el material a cortar se lleva a una altura de trabajo \u00f3ptima mediante un elevador de carga, el operario lo coloca en el igualador autom\u00e1tico, lo iguala y, a continuaci\u00f3n, el sistema de pinzas Autotrans lo transporta hasta la mesa trasera de la cortadora de alta velocidad).<\/li>\n<li>Cortadora de alta velocidad Polar 137 EM-MON, anchura de inserci\u00f3n 137 cm<\/li>\n<li>Apilador Transomat Polar TR 1EL-145<\/li>\n<\/ul>\n","protected":false},"excerpt":{"rendered":"<p>Carretilla elevadora Polar BFA 1000-G-3 con ventilaci\u00f3n de las capas superiores Vibrador Polar RAB con rodillo de expulsi\u00f3n de aire Cargador de mesa trasera Transomat Polar (el material a cortar se lleva a una altura de trabajo \u00f3ptima mediante un elevador de carga, el operario lo coloca en el igualador autom\u00e1tico, lo iguala y, a [&hellip;]<\/p>\n","protected":false},"featured_media":65836,"template":"","meta":[],"product_brand":[],"product_cat":[3018],"product_tag":[],"class_list":{"0":"post-93523","1":"product","2":"type-product","3":"status-publish","4":"has-post-thumbnail","6":"product_cat-maquinas-de-corte-es","7":"pa_baujahr-155","8":"pa_hersteller-polar-mohr","9":"pa_typ-polar-137-em-mon","11":"first","12":"instock","13":"sold-individually","14":"taxable","15":"shipping-taxable","16":"purchasable","17":"product-type-simple"},"jetpack_sharing_enabled":true,"_links":{"self":[{"href":"https:\/\/www.3p-gmbh.de\/es\/wp-json\/wp\/v2\/product\/93523","targetHints":{"allow":["GET"]}}],"collection":[{"href":"https:\/\/www.3p-gmbh.de\/es\/wp-json\/wp\/v2\/product"}],"about":[{"href":"https:\/\/www.3p-gmbh.de\/es\/wp-json\/wp\/v2\/types\/product"}],"wp:featuredmedia":[{"embeddable":true,"href":"https:\/\/www.3p-gmbh.de\/es\/wp-json\/wp\/v2\/media\/65836"}],"wp:attachment":[{"href":"https:\/\/www.3p-gmbh.de\/es\/wp-json\/wp\/v2\/media?parent=93523"}],"wp:term":[{"taxonomy":"product_brand","embeddable":true,"href":"https:\/\/www.3p-gmbh.de\/es\/wp-json\/wp\/v2\/product_brand?post=93523"},{"taxonomy":"product_cat","embeddable":true,"href":"https:\/\/www.3p-gmbh.de\/es\/wp-json\/wp\/v2\/product_cat?post=93523"},{"taxonomy":"product_tag","embeddable":true,"href":"https:\/\/www.3p-gmbh.de\/es\/wp-json\/wp\/v2\/product_tag?post=93523"}],"curies":[{"name":"wp","href":"https:\/\/api.w.org\/{rel}","templated":true}]}}