{"id":93514,"date":"2019-07-11T13:54:54","date_gmt":"2019-07-11T13:54:54","guid":{"rendered":"https:\/\/www.3p-gmbh.de\/produkt\/cortadora-de-alta-velocidad-polar-mohr-78-ed\/"},"modified":"2019-07-11T13:54:54","modified_gmt":"2019-07-11T13:54:54","slug":"cortador-rapido-6","status":"publish","type":"product","link":"https:\/\/www.3p-gmbh.de\/es\/produkt\/cortador-rapido-6\/","title":{"rendered":"Cortadora de alta velocidad Polar Mohr 78 ED"},"content":{"rendered":"<ul>\n<li>Control ED polar<\/li>\n<li>Anchura de corte 78 cm<\/li>\n<li>Mesa de aire con mesas auxiliares<\/li>\n<\/ul>\n<p>Opci\u00f3n: Polar Jogger RB 2<\/p>\n<ul>\n<li>\u00c1rea de formato (superficie \u00fatil de la mesa) 72 x 87 cm<\/li>\n<li>Altura de la mesa (regulable sin escalonamientos) de 86 a 95 cm<\/li>\n<\/ul>\n","protected":false},"excerpt":{"rendered":"<p>Control ED polar Anchura de corte 78 cm Mesa de aire con mesas auxiliares Opci\u00f3n: Polar Jogger RB 2 \u00c1rea de formato (superficie \u00fatil de la mesa) 72 x 87 cm Altura de la mesa (regulable sin escalonamientos) de 86 a 95 cm<\/p>\n","protected":false},"featured_media":65854,"template":"","meta":[],"product_brand":[],"product_cat":[3018],"product_tag":[],"class_list":{"0":"post-93514","1":"product","2":"type-product","3":"status-publish","4":"has-post-thumbnail","6":"product_cat-maquinas-de-corte-es","7":"pa_baujahr-182","8":"pa_hersteller-polar-mohr","9":"pa_typ-polar-78-ed","11":"first","12":"instock","13":"sold-individually","14":"taxable","15":"shipping-taxable","16":"purchasable","17":"product-type-simple"},"jetpack_sharing_enabled":true,"_links":{"self":[{"href":"https:\/\/www.3p-gmbh.de\/es\/wp-json\/wp\/v2\/product\/93514","targetHints":{"allow":["GET"]}}],"collection":[{"href":"https:\/\/www.3p-gmbh.de\/es\/wp-json\/wp\/v2\/product"}],"about":[{"href":"https:\/\/www.3p-gmbh.de\/es\/wp-json\/wp\/v2\/types\/product"}],"wp:featuredmedia":[{"embeddable":true,"href":"https:\/\/www.3p-gmbh.de\/es\/wp-json\/wp\/v2\/media\/65854"}],"wp:attachment":[{"href":"https:\/\/www.3p-gmbh.de\/es\/wp-json\/wp\/v2\/media?parent=93514"}],"wp:term":[{"taxonomy":"product_brand","embeddable":true,"href":"https:\/\/www.3p-gmbh.de\/es\/wp-json\/wp\/v2\/product_brand?post=93514"},{"taxonomy":"product_cat","embeddable":true,"href":"https:\/\/www.3p-gmbh.de\/es\/wp-json\/wp\/v2\/product_cat?post=93514"},{"taxonomy":"product_tag","embeddable":true,"href":"https:\/\/www.3p-gmbh.de\/es\/wp-json\/wp\/v2\/product_tag?post=93514"}],"curies":[{"name":"wp","href":"https:\/\/api.w.org\/{rel}","templated":true}]}}