{"id":93505,"date":"2019-07-11T13:54:54","date_gmt":"2019-07-11T13:54:54","guid":{"rendered":"https:\/\/www.3p-gmbh.de\/produkt\/apilador-baumann-ba-3-n\/"},"modified":"2019-07-11T13:54:54","modified_gmt":"2019-07-11T13:54:54","slug":"apilador-2","status":"publish","type":"product","link":"https:\/\/www.3p-gmbh.de\/es\/produkt\/apilador-2\/","title":{"rendered":"Apilador Baumann BA-3 N"},"content":{"rendered":"<p>El apilador puede colocarse en el lado izquierdo de la m\u00e1quina, junto a cualquier marca de cortadora (por ejemplo, Polar Mohr, Perfecta, Schneider Senator, Wohlenberg). La forma m\u00e1s sencilla y econ\u00f3mica de apilar piezas en bruto individuales y m\u00faltiples con gran precisi\u00f3n. Depositar manualmente los productos sin cortar o cortados cuesta tiempo y energ\u00eda. Este proceso est\u00e1 automatizado, el material se toma a nivel de la mesa. La pila est\u00e1 debajo de la mesa. S\u00f3lo se apila hacia abajo &#8211; la altura de apilado es m\u00e1x. 1400 mm. La tecnolog\u00eda -especialmente el principio de ajuste autom\u00e1tico del formato-, el material y la mano de obra son de alta calidad. Todos los ajustes se realizan a trav\u00e9s del panel de control, que est\u00e1 dise\u00f1ado como una pantalla de texto sin formato.<\/p>\n<ul>\n<li>Patr\u00f3n de capas m\u00e1x. 800 x 1200 mm<\/li>\n<li>Altura de apilado 1100 mm<\/li>\n<li>Peso de la capa 150 kg<\/li>\n<li>Altura de paleta m\u00edn. 130 mm<\/li>\n<\/ul>\n","protected":false},"excerpt":{"rendered":"<p>El apilador puede colocarse en el lado izquierdo de la m\u00e1quina, junto a cualquier marca de cortadora (por ejemplo, Polar Mohr, Perfecta, Schneider Senator, Wohlenberg). La forma m\u00e1s sencilla y econ\u00f3mica de apilar piezas en bruto individuales y m\u00faltiples con gran precisi\u00f3n. Depositar manualmente los productos sin cortar o cortados cuesta tiempo y energ\u00eda. Este [&hellip;]<\/p>\n","protected":false},"featured_media":65917,"template":"","meta":[],"product_brand":[],"product_cat":[2975],"product_tag":[],"class_list":{"0":"post-93505","1":"product","2":"type-product","3":"status-publish","4":"has-post-thumbnail","6":"product_cat-elevadores-y-apiladores","7":"pa_baujahr-140","8":"pa_hersteller-baumann-maschinenbau","9":"pa_typ-ba-3-n","11":"first","12":"instock","13":"sold-individually","14":"taxable","15":"shipping-taxable","16":"purchasable","17":"product-type-simple"},"jetpack_sharing_enabled":true,"_links":{"self":[{"href":"https:\/\/www.3p-gmbh.de\/es\/wp-json\/wp\/v2\/product\/93505","targetHints":{"allow":["GET"]}}],"collection":[{"href":"https:\/\/www.3p-gmbh.de\/es\/wp-json\/wp\/v2\/product"}],"about":[{"href":"https:\/\/www.3p-gmbh.de\/es\/wp-json\/wp\/v2\/types\/product"}],"wp:featuredmedia":[{"embeddable":true,"href":"https:\/\/www.3p-gmbh.de\/es\/wp-json\/wp\/v2\/media\/65917"}],"wp:attachment":[{"href":"https:\/\/www.3p-gmbh.de\/es\/wp-json\/wp\/v2\/media?parent=93505"}],"wp:term":[{"taxonomy":"product_brand","embeddable":true,"href":"https:\/\/www.3p-gmbh.de\/es\/wp-json\/wp\/v2\/product_brand?post=93505"},{"taxonomy":"product_cat","embeddable":true,"href":"https:\/\/www.3p-gmbh.de\/es\/wp-json\/wp\/v2\/product_cat?post=93505"},{"taxonomy":"product_tag","embeddable":true,"href":"https:\/\/www.3p-gmbh.de\/es\/wp-json\/wp\/v2\/product_tag?post=93505"}],"curies":[{"name":"wp","href":"https:\/\/api.w.org\/{rel}","templated":true}]}}