{"id":93497,"date":"2019-07-11T13:55:08","date_gmt":"2019-07-11T13:55:08","guid":{"rendered":"https:\/\/www.3p-gmbh.de\/produkt\/cortadora-polar-mohr-55-em\/"},"modified":"2019-07-11T13:55:08","modified_gmt":"2019-07-11T13:55:08","slug":"maquina-de-corte-5","status":"publish","type":"product","link":"https:\/\/www.3p-gmbh.de\/es\/produkt\/maquina-de-corte-5\/","title":{"rendered":"Cortadora Polar Mohr 55 EM"},"content":{"rendered":"<ul>\n<li>Control del programa EM<\/li>\n<li>Ajuste de la presi\u00f3n de prensado<\/li>\n<li>Tapa de la mesa trasera<\/li>\n<li>Anchura de corte: 55 cm<\/li>\n<li>Profundidad de inserci\u00f3n : 55 cm<\/li>\n<li>m\u00e1x. Altura de inserci\u00f3n: 10 cm<\/li>\n<li>Dos cuchillos<\/li>\n<\/ul>\n","protected":false},"excerpt":{"rendered":"<p>Control del programa EM Ajuste de la presi\u00f3n de prensado Tapa de la mesa trasera Anchura de corte: 55 cm Profundidad de inserci\u00f3n : 55 cm m\u00e1x. Altura de inserci\u00f3n: 10 cm Dos cuchillos<\/p>\n","protected":false},"featured_media":65923,"template":"","meta":[],"product_brand":[],"product_cat":[3018],"product_tag":[],"class_list":{"0":"post-93497","1":"product","2":"type-product","3":"status-publish","4":"has-post-thumbnail","6":"product_cat-maquinas-de-corte-es","7":"pa_baujahr-266","8":"pa_hersteller-polar-mohr-hofheim","9":"pa_typ-polar-55-em","11":"first","12":"instock","13":"sold-individually","14":"taxable","15":"shipping-taxable","16":"purchasable","17":"product-type-simple"},"jetpack_sharing_enabled":true,"_links":{"self":[{"href":"https:\/\/www.3p-gmbh.de\/es\/wp-json\/wp\/v2\/product\/93497","targetHints":{"allow":["GET"]}}],"collection":[{"href":"https:\/\/www.3p-gmbh.de\/es\/wp-json\/wp\/v2\/product"}],"about":[{"href":"https:\/\/www.3p-gmbh.de\/es\/wp-json\/wp\/v2\/types\/product"}],"wp:featuredmedia":[{"embeddable":true,"href":"https:\/\/www.3p-gmbh.de\/es\/wp-json\/wp\/v2\/media\/65923"}],"wp:attachment":[{"href":"https:\/\/www.3p-gmbh.de\/es\/wp-json\/wp\/v2\/media?parent=93497"}],"wp:term":[{"taxonomy":"product_brand","embeddable":true,"href":"https:\/\/www.3p-gmbh.de\/es\/wp-json\/wp\/v2\/product_brand?post=93497"},{"taxonomy":"product_cat","embeddable":true,"href":"https:\/\/www.3p-gmbh.de\/es\/wp-json\/wp\/v2\/product_cat?post=93497"},{"taxonomy":"product_tag","embeddable":true,"href":"https:\/\/www.3p-gmbh.de\/es\/wp-json\/wp\/v2\/product_tag?post=93497"}],"curies":[{"name":"wp","href":"https:\/\/api.w.org\/{rel}","templated":true}]}}