{"id":93492,"date":"2019-07-11T13:54:22","date_gmt":"2019-07-11T13:54:22","guid":{"rendered":"https:\/\/www.3p-gmbh.de\/produkt\/escaner-plano-de-gama-alta-fuji-lanovia-c-550\/"},"modified":"2019-07-11T13:54:22","modified_gmt":"2019-07-11T13:54:22","slug":"escaner-plano-de-gama-alta","status":"publish","type":"product","link":"https:\/\/www.3p-gmbh.de\/es\/produkt\/escaner-plano-de-gama-alta\/","title":{"rendered":"Esc\u00e1ner plano de gama alta Fuji Lanovia C-550"},"content":{"rendered":"<p>La unidad tiene las siguientes caracter\u00edsticas:<\/p>\n<ul>\n<li>Herramienta de redigitalizaci\u00f3n Copy-Dot para procesar las pel\u00edculas de separaci\u00f3n de colores existentes<\/li>\n<li>Esc\u00e1ner plano con cabezal de escaneado m\u00f3vil en todo el rango de escaneado (cristal de escaneado fijo)<\/li>\n<li>CCD en color trilineal 3 x 8000 p\u00edxeles<\/li>\n<li>16 bits \/ color<\/li>\n<li>m\u00e1x. Densidad 3,9 m\u00e1x.<\/li>\n<li>resoluci\u00f3n \u00f3ptica 5000 ppp<\/li>\n<li>\u00c1rea de escaneado 350 x 470 mm<\/li>\n<li>Plantillas Transparencia (pos., neg.), vista superior, diapositivas, objetos 3D<\/li>\n<li>Gama de aumentos 20-3000<\/li>\n<li>Formatos de archivo compatibles: EPS, Tiff, RGB, BitmapPict, etc.<\/li>\n<\/ul>\n","protected":false},"excerpt":{"rendered":"<p>La unidad tiene las siguientes caracter\u00edsticas: Herramienta de redigitalizaci\u00f3n Copy-Dot para procesar las pel\u00edculas de separaci\u00f3n de colores existentes Esc\u00e1ner plano con cabezal de escaneado m\u00f3vil en todo el rango de escaneado (cristal de escaneado fijo) CCD en color trilineal 3 x 8000 p\u00edxeles 16 bits \/ color m\u00e1x. Densidad 3,9 m\u00e1x. resoluci\u00f3n \u00f3ptica 5000 [&hellip;]<\/p>\n","protected":false},"featured_media":62461,"template":"","meta":[],"product_brand":[],"product_cat":[3095],"product_tag":[],"class_list":{"0":"post-93492","1":"product","2":"type-product","3":"status-publish","4":"has-post-thumbnail","6":"product_cat-escaner-plano","7":"pa_baujahr-188","8":"pa_hersteller-fuji-lanovia","9":"pa_typ-c-550","11":"first","12":"instock","13":"sold-individually","14":"taxable","15":"shipping-taxable","16":"purchasable","17":"product-type-simple"},"jetpack_sharing_enabled":true,"_links":{"self":[{"href":"https:\/\/www.3p-gmbh.de\/es\/wp-json\/wp\/v2\/product\/93492","targetHints":{"allow":["GET"]}}],"collection":[{"href":"https:\/\/www.3p-gmbh.de\/es\/wp-json\/wp\/v2\/product"}],"about":[{"href":"https:\/\/www.3p-gmbh.de\/es\/wp-json\/wp\/v2\/types\/product"}],"wp:featuredmedia":[{"embeddable":true,"href":"https:\/\/www.3p-gmbh.de\/es\/wp-json\/wp\/v2\/media\/62461"}],"wp:attachment":[{"href":"https:\/\/www.3p-gmbh.de\/es\/wp-json\/wp\/v2\/media?parent=93492"}],"wp:term":[{"taxonomy":"product_brand","embeddable":true,"href":"https:\/\/www.3p-gmbh.de\/es\/wp-json\/wp\/v2\/product_brand?post=93492"},{"taxonomy":"product_cat","embeddable":true,"href":"https:\/\/www.3p-gmbh.de\/es\/wp-json\/wp\/v2\/product_cat?post=93492"},{"taxonomy":"product_tag","embeddable":true,"href":"https:\/\/www.3p-gmbh.de\/es\/wp-json\/wp\/v2\/product_tag?post=93492"}],"curies":[{"name":"wp","href":"https:\/\/api.w.org\/{rel}","templated":true}]}}