{"id":93472,"date":"2019-07-11T13:54:22","date_gmt":"2019-07-11T13:54:22","guid":{"rendered":"https:\/\/www.3p-gmbh.de\/produkt\/escaner-plano-linotype-hell-topaz\/"},"modified":"2019-07-11T13:54:22","modified_gmt":"2019-07-11T13:54:22","slug":"escaner-plano","status":"publish","type":"product","link":"https:\/\/www.3p-gmbh.de\/es\/produkt\/escaner-plano\/","title":{"rendered":"Esc\u00e1ner plano Linotype-Hell Topaz"},"content":{"rendered":"<ul>\n<li>con el software de escaneado LinoColor 6.0 para Mac<\/li>\n<li>L\u00ednea trilineal de CCD en color<\/li>\n<li>AutoScaling para el c\u00e1lculo continuo de la escala en el esc\u00e1ner<\/li>\n<li>AutoSharpening para c\u00e1lculos \u00f3ptimos y r\u00e1pidos en el esc\u00e1ner<\/li>\n<li>1 bandeja universal para supervisi\u00f3n\/visualizaci\u00f3n de originales, m\u00e1x. Formato 305x457mm<\/li>\n<li>Mesa de luz integrada en el esc\u00e1ner<\/li>\n<li>Reglas de montaje para la alineaci\u00f3n exacta de las plantillas en el portaplantillas<\/li>\n<li>Formato original m\u00e1x. 305x457mm para vista superior, 210x457mm para vista transparente<\/li>\n<li>Tipos de originales Transparencia y vista superior, color y blanco y negro, originales de medio tono y de l\u00ednea, positivos y negativos, originales 3 D hasta m\u00e1x. 20 mm de altura<\/li>\n<li>Escala: 20 &#8211; 2000%.<\/li>\n<li>C\u00e1lculo de escala Sin escalas con hardware AutoScaling<\/li>\n<li>C\u00e1lculo de nitidez Hardware AutoSharpening en el esc\u00e1ner<\/li>\n<li>Resoluci\u00f3n de escaneado m\u00e1x.: \u00f3ptica 3800 ppp, resoluci\u00f3n interpolada 8150 ppp<\/li>\n<li>Rango de densidad diferenciable 3,7 D, medido en la salida de pel\u00edcula de una cu\u00f1a gris<\/li>\n<li>Densidad resoluble m\u00e1x. 4,0 D, medido en la salida de la pel\u00edcula de una cu\u00f1a gris<\/li>\n<li>Interfaz SCSI<\/li>\n<\/ul>\n","protected":false},"excerpt":{"rendered":"<p>con el software de escaneado LinoColor 6.0 para Mac L\u00ednea trilineal de CCD en color AutoScaling para el c\u00e1lculo continuo de la escala en el esc\u00e1ner AutoSharpening para c\u00e1lculos \u00f3ptimos y r\u00e1pidos en el esc\u00e1ner 1 bandeja universal para supervisi\u00f3n\/visualizaci\u00f3n de originales, m\u00e1x. Formato 305x457mm Mesa de luz integrada en el esc\u00e1ner Reglas de montaje [&hellip;]<\/p>\n","protected":false},"featured_media":65257,"template":"","meta":[],"product_brand":[],"product_cat":[3095],"product_tag":[],"class_list":{"0":"post-93472","1":"product","2":"type-product","3":"status-publish","4":"has-post-thumbnail","6":"product_cat-escaner-plano","7":"pa_baujahr-194","8":"pa_hersteller-linotype-hell","9":"pa_typ-topaz-i","11":"first","12":"instock","13":"sold-individually","14":"taxable","15":"shipping-taxable","16":"purchasable","17":"product-type-simple"},"jetpack_sharing_enabled":true,"_links":{"self":[{"href":"https:\/\/www.3p-gmbh.de\/es\/wp-json\/wp\/v2\/product\/93472","targetHints":{"allow":["GET"]}}],"collection":[{"href":"https:\/\/www.3p-gmbh.de\/es\/wp-json\/wp\/v2\/product"}],"about":[{"href":"https:\/\/www.3p-gmbh.de\/es\/wp-json\/wp\/v2\/types\/product"}],"wp:featuredmedia":[{"embeddable":true,"href":"https:\/\/www.3p-gmbh.de\/es\/wp-json\/wp\/v2\/media\/65257"}],"wp:attachment":[{"href":"https:\/\/www.3p-gmbh.de\/es\/wp-json\/wp\/v2\/media?parent=93472"}],"wp:term":[{"taxonomy":"product_brand","embeddable":true,"href":"https:\/\/www.3p-gmbh.de\/es\/wp-json\/wp\/v2\/product_brand?post=93472"},{"taxonomy":"product_cat","embeddable":true,"href":"https:\/\/www.3p-gmbh.de\/es\/wp-json\/wp\/v2\/product_cat?post=93472"},{"taxonomy":"product_tag","embeddable":true,"href":"https:\/\/www.3p-gmbh.de\/es\/wp-json\/wp\/v2\/product_tag?post=93472"}],"curies":[{"name":"wp","href":"https:\/\/api.w.org\/{rel}","templated":true}]}}