{"id":93470,"date":"2019-07-11T13:54:22","date_gmt":"2019-07-11T13:54:22","guid":{"rendered":"https:\/\/www.3p-gmbh.de\/produkt\/escaner-plano-heidelberg-topaz-3240-2\/"},"modified":"2019-07-11T13:54:22","modified_gmt":"2019-07-11T13:54:22","slug":"escaner","status":"publish","type":"product","link":"https:\/\/www.3p-gmbh.de\/es\/produkt\/escaner\/","title":{"rendered":"Esc\u00e1ner plano Heidelberg Topaz 3240-2"},"content":{"rendered":"<ul>\n<li>2 Bandeja universal para originales vista superior\/vista, m\u00e1x. Formato 305x457mm<\/li>\n<li>1 bandeja de copia con 4 tiras de registro<\/li>\n<li>Mesa de luz integrada en el esc\u00e1ner<\/li>\n<li>Regla de montaje para la alineaci\u00f3n exacta de las plantillas en el portaplantillas<\/li>\n<li>Formato original m\u00e1x. 305x457mm para vista superior, 250x457mm para vista transparente<\/li>\n<li>Tipos de originales Transparencia y vista superior, color y blanco y negro, originales de medio tono y de l\u00ednea, positivos y negativos, originales 3 D hasta m\u00e1x. 20 mm de altura<\/li>\n<li>Escala: 20 &#8211; 2500%.<\/li>\n<li>C\u00e1lculo de escala Sin escalas con hardware AutoScaling<\/li>\n<li>C\u00e1lculo de nitidez Hardware AutoSharpening en el esc\u00e1ner<\/li>\n<li>Resoluci\u00f3n de escaneado m\u00e1x.: \u00f3ptica 2000 l\u00edneas\/cm(5080 ppp)<\/li>\n<li>resoluci\u00f3n interpolada 4330 l\u00edneas\/cm(11000 ppp)<\/li>\n<li>Rango de densidad diferenciable 3,7 D, medido en la salida de pel\u00edcula de una cu\u00f1a gris<\/li>\n<li>Densidad resoluble m\u00e1x. 4,0 D, medido en la salida de la pel\u00edcula de una cu\u00f1a gris<\/li>\n<li>Resoluci\u00f3n de la se\u00f1al 16 bits por p\u00edxel y color (lineal)<\/li>\n<li>Interfaz SCSI-2 para la conexi\u00f3n de estaciones de trabajo<\/li>\n<\/ul>\n","protected":false},"excerpt":{"rendered":"<p>2 Bandeja universal para originales vista superior\/vista, m\u00e1x. Formato 305x457mm 1 bandeja de copia con 4 tiras de registro Mesa de luz integrada en el esc\u00e1ner Regla de montaje para la alineaci\u00f3n exacta de las plantillas en el portaplantillas Formato original m\u00e1x. 305x457mm para vista superior, 250x457mm para vista transparente Tipos de originales Transparencia y [&hellip;]<\/p>\n","protected":false},"featured_media":65260,"template":"","meta":[],"product_brand":[],"product_cat":[3095],"product_tag":[],"class_list":{"0":"post-93470","1":"product","2":"type-product","3":"status-publish","4":"has-post-thumbnail","6":"product_cat-escaner-plano","7":"pa_baujahr-123","8":"pa_hersteller-linotype-hell","9":"pa_typ-topaz-ii","11":"first","12":"instock","13":"sold-individually","14":"taxable","15":"shipping-taxable","16":"purchasable","17":"product-type-simple"},"jetpack_sharing_enabled":true,"_links":{"self":[{"href":"https:\/\/www.3p-gmbh.de\/es\/wp-json\/wp\/v2\/product\/93470","targetHints":{"allow":["GET"]}}],"collection":[{"href":"https:\/\/www.3p-gmbh.de\/es\/wp-json\/wp\/v2\/product"}],"about":[{"href":"https:\/\/www.3p-gmbh.de\/es\/wp-json\/wp\/v2\/types\/product"}],"wp:featuredmedia":[{"embeddable":true,"href":"https:\/\/www.3p-gmbh.de\/es\/wp-json\/wp\/v2\/media\/65260"}],"wp:attachment":[{"href":"https:\/\/www.3p-gmbh.de\/es\/wp-json\/wp\/v2\/media?parent=93470"}],"wp:term":[{"taxonomy":"product_brand","embeddable":true,"href":"https:\/\/www.3p-gmbh.de\/es\/wp-json\/wp\/v2\/product_brand?post=93470"},{"taxonomy":"product_cat","embeddable":true,"href":"https:\/\/www.3p-gmbh.de\/es\/wp-json\/wp\/v2\/product_cat?post=93470"},{"taxonomy":"product_tag","embeddable":true,"href":"https:\/\/www.3p-gmbh.de\/es\/wp-json\/wp\/v2\/product_tag?post=93470"}],"curies":[{"name":"wp","href":"https:\/\/api.w.org\/{rel}","templated":true}]}}