{"id":93465,"date":"2019-07-11T13:54:22","date_gmt":"2019-07-11T13:54:22","guid":{"rendered":"https:\/\/www.3p-gmbh.de\/produkt\/fuji-escaner-de-tambor-crosfield-celsis-6200\/"},"modified":"2019-07-11T13:54:22","modified_gmt":"2019-07-11T13:54:22","slug":"escaner-de-tambor-2","status":"publish","type":"product","link":"https:\/\/www.3p-gmbh.de\/es\/produkt\/escaner-de-tambor-2\/","title":{"rendered":"Fuji &#8211; Esc\u00e1ner de tambor Crosfield Celsis 6200"},"content":{"rendered":"<ul>\n<li>Esc\u00e1ner de tambor de alto rendimiento<\/li>\n<li>m\u00e1x. Tama\u00f1o original 510 x 635 mm<\/li>\n<li>Densidad m\u00e1x. 3.9<\/li>\n<li>Aumento 20-2000<\/li>\n<li>Fuente de luz de xen\u00f3n<\/li>\n<li>Escaneado con fotomultiplicador (3x)<\/li>\n<\/ul>\n","protected":false},"excerpt":{"rendered":"<p>Esc\u00e1ner de tambor de alto rendimiento m\u00e1x. Tama\u00f1o original 510 x 635 mm Densidad m\u00e1x. 3.9 Aumento 20-2000 Fuente de luz de xen\u00f3n Escaneado con fotomultiplicador (3x)<\/p>\n","protected":false},"featured_media":65266,"template":"","meta":[],"product_brand":[],"product_cat":[3025],"product_tag":[],"class_list":{"0":"post-93465","1":"product","2":"type-product","3":"status-publish","4":"has-post-thumbnail","6":"product_cat-escaner-de-tambor","7":"pa_baujahr-209","8":"pa_hersteller-crosfield-fuji","9":"pa_typ-celsis-6200","11":"first","12":"instock","13":"sold-individually","14":"taxable","15":"shipping-taxable","16":"purchasable","17":"product-type-simple"},"jetpack_sharing_enabled":true,"_links":{"self":[{"href":"https:\/\/www.3p-gmbh.de\/es\/wp-json\/wp\/v2\/product\/93465","targetHints":{"allow":["GET"]}}],"collection":[{"href":"https:\/\/www.3p-gmbh.de\/es\/wp-json\/wp\/v2\/product"}],"about":[{"href":"https:\/\/www.3p-gmbh.de\/es\/wp-json\/wp\/v2\/types\/product"}],"wp:featuredmedia":[{"embeddable":true,"href":"https:\/\/www.3p-gmbh.de\/es\/wp-json\/wp\/v2\/media\/65266"}],"wp:attachment":[{"href":"https:\/\/www.3p-gmbh.de\/es\/wp-json\/wp\/v2\/media?parent=93465"}],"wp:term":[{"taxonomy":"product_brand","embeddable":true,"href":"https:\/\/www.3p-gmbh.de\/es\/wp-json\/wp\/v2\/product_brand?post=93465"},{"taxonomy":"product_cat","embeddable":true,"href":"https:\/\/www.3p-gmbh.de\/es\/wp-json\/wp\/v2\/product_cat?post=93465"},{"taxonomy":"product_tag","embeddable":true,"href":"https:\/\/www.3p-gmbh.de\/es\/wp-json\/wp\/v2\/product_tag?post=93465"}],"curies":[{"name":"wp","href":"https:\/\/api.w.org\/{rel}","templated":true}]}}