{"id":93457,"date":"2019-07-11T13:54:22","date_gmt":"2019-07-11T13:54:22","guid":{"rendered":"https:\/\/www.3p-gmbh.de\/produkt\/escaner-plano-creo-scitex-eversmart\/"},"modified":"2019-07-11T13:54:22","modified_gmt":"2019-07-11T13:54:22","slug":"escaner-plano-2","status":"publish","type":"product","link":"https:\/\/www.3p-gmbh.de\/es\/produkt\/escaner-plano-2\/","title":{"rendered":"Esc\u00e1ner plano Creo-Scitex Eversmart"},"content":{"rendered":"<ul>\n<li>Esc\u00e1ner plano con cabezal de escaneado m\u00f3vil en todo el rango de escaneado (cristal de escaneado fijo)<\/li>\n<li>CCD en color trilineal 3 x 8000 p\u00edxeles<\/li>\n<li>Precisi\u00f3n del patr\u00f3n 14 bits \/ p\u00edxel<\/li>\n<li>m\u00e1x. Densidad 4,0 m\u00e1x.<\/li>\n<li>resoluci\u00f3n \u00f3ptica 3150 ppp<\/li>\n<li>\u00c1rea de escaneado 305 x 432 mm<\/li>\n<li>Revisi\u00f3n (pos., neg.), supervisi\u00f3n, diapositivas<\/li>\n<li>m\u00e1x. Grosor original transparente 5 mm<\/li>\n<li>Ampliaci\u00f3n a 300 ppp 20-2700 %.<\/li>\n<li>Pasos de aumento 0,1<\/li>\n<li>Formatos de archivo compatibles: Scitex CT, -LW, EPS, Tiff, Pict, etc.<\/li>\n<\/ul>\n","protected":false},"excerpt":{"rendered":"<p>Esc\u00e1ner plano con cabezal de escaneado m\u00f3vil en todo el rango de escaneado (cristal de escaneado fijo) CCD en color trilineal 3 x 8000 p\u00edxeles Precisi\u00f3n del patr\u00f3n 14 bits \/ p\u00edxel m\u00e1x. Densidad 4,0 m\u00e1x. resoluci\u00f3n \u00f3ptica 3150 ppp \u00c1rea de escaneado 305 x 432 mm Revisi\u00f3n (pos., neg.), supervisi\u00f3n, diapositivas m\u00e1x. Grosor original [&hellip;]<\/p>\n","protected":false},"featured_media":65269,"template":"","meta":[],"product_brand":[],"product_cat":[3095],"product_tag":[],"class_list":{"0":"post-93457","1":"product","2":"type-product","3":"status-publish","4":"has-post-thumbnail","6":"product_cat-escaner-plano","7":"pa_baujahr-188","8":"pa_hersteller-creo-scitex","9":"pa_typ-eversmart-pro","11":"first","12":"instock","13":"sold-individually","14":"taxable","15":"shipping-taxable","16":"purchasable","17":"product-type-simple"},"jetpack_sharing_enabled":true,"_links":{"self":[{"href":"https:\/\/www.3p-gmbh.de\/es\/wp-json\/wp\/v2\/product\/93457","targetHints":{"allow":["GET"]}}],"collection":[{"href":"https:\/\/www.3p-gmbh.de\/es\/wp-json\/wp\/v2\/product"}],"about":[{"href":"https:\/\/www.3p-gmbh.de\/es\/wp-json\/wp\/v2\/types\/product"}],"wp:featuredmedia":[{"embeddable":true,"href":"https:\/\/www.3p-gmbh.de\/es\/wp-json\/wp\/v2\/media\/65269"}],"wp:attachment":[{"href":"https:\/\/www.3p-gmbh.de\/es\/wp-json\/wp\/v2\/media?parent=93457"}],"wp:term":[{"taxonomy":"product_brand","embeddable":true,"href":"https:\/\/www.3p-gmbh.de\/es\/wp-json\/wp\/v2\/product_brand?post=93457"},{"taxonomy":"product_cat","embeddable":true,"href":"https:\/\/www.3p-gmbh.de\/es\/wp-json\/wp\/v2\/product_cat?post=93457"},{"taxonomy":"product_tag","embeddable":true,"href":"https:\/\/www.3p-gmbh.de\/es\/wp-json\/wp\/v2\/product_tag?post=93457"}],"curies":[{"name":"wp","href":"https:\/\/api.w.org\/{rel}","templated":true}]}}