{"id":93449,"date":"2019-07-11T13:54:26","date_gmt":"2019-07-11T13:54:26","guid":{"rendered":"https:\/\/www.3p-gmbh.de\/produkt\/microscopio-digital-techkon-dms-910\/"},"modified":"2019-07-11T13:54:26","modified_gmt":"2019-07-11T13:54:26","slug":"microscopio-digital","status":"publish","type":"product","link":"https:\/\/www.3p-gmbh.de\/es\/produkt\/microscopio-digital\/","title":{"rendered":"Microscopio digital Techkon DMS 910"},"content":{"rendered":"<p>Este densit\u00f3metro de planchas es indispensable en la impresi\u00f3n offset para evaluar la copia de la plancha, pero sobre todo para calibrar la exposici\u00f3n de la plancha de impresi\u00f3n CTP. Se suministra con malet\u00edn de transporte, pa\u00f1o de limpieza, cable de conexi\u00f3n USB para conexi\u00f3n a PC, software DMS Pro. El dispositivo se utiliza para la determinaci\u00f3n exacta de la cobertura de \u00e1rea, la trama y el \u00e1ngulo de trama en planchas de impresi\u00f3n, pel\u00edculas e impresiones. Puede utilizarse universalmente para diferentes tipos de planchas de impresi\u00f3n y procesos de serigraf\u00eda (tambi\u00e9n pantallas FM).<\/p>\n","protected":false},"excerpt":{"rendered":"<p>Este densit\u00f3metro de planchas es indispensable en la impresi\u00f3n offset para evaluar la copia de la plancha, pero sobre todo para calibrar la exposici\u00f3n de la plancha de impresi\u00f3n CTP. Se suministra con malet\u00edn de transporte, pa\u00f1o de limpieza, cable de conexi\u00f3n USB para conexi\u00f3n a PC, software DMS Pro. El dispositivo se utiliza para [&hellip;]<\/p>\n","protected":false},"featured_media":65305,"template":"","meta":[],"product_brand":[],"product_cat":[2933],"product_tag":[],"class_list":{"0":"post-93449","1":"product","2":"type-product","3":"status-publish","4":"has-post-thumbnail","6":"product_cat-instrumentos-de-medida-y-control-de-calidad","7":"pa_baujahr-198","8":"pa_hersteller-techkon","9":"pa_typ-dms-910","11":"first","12":"instock","13":"sold-individually","14":"taxable","15":"shipping-taxable","16":"purchasable","17":"product-type-simple"},"jetpack_sharing_enabled":true,"_links":{"self":[{"href":"https:\/\/www.3p-gmbh.de\/es\/wp-json\/wp\/v2\/product\/93449","targetHints":{"allow":["GET"]}}],"collection":[{"href":"https:\/\/www.3p-gmbh.de\/es\/wp-json\/wp\/v2\/product"}],"about":[{"href":"https:\/\/www.3p-gmbh.de\/es\/wp-json\/wp\/v2\/types\/product"}],"wp:featuredmedia":[{"embeddable":true,"href":"https:\/\/www.3p-gmbh.de\/es\/wp-json\/wp\/v2\/media\/65305"}],"wp:attachment":[{"href":"https:\/\/www.3p-gmbh.de\/es\/wp-json\/wp\/v2\/media?parent=93449"}],"wp:term":[{"taxonomy":"product_brand","embeddable":true,"href":"https:\/\/www.3p-gmbh.de\/es\/wp-json\/wp\/v2\/product_brand?post=93449"},{"taxonomy":"product_cat","embeddable":true,"href":"https:\/\/www.3p-gmbh.de\/es\/wp-json\/wp\/v2\/product_cat?post=93449"},{"taxonomy":"product_tag","embeddable":true,"href":"https:\/\/www.3p-gmbh.de\/es\/wp-json\/wp\/v2\/product_tag?post=93449"}],"curies":[{"name":"wp","href":"https:\/\/api.w.org\/{rel}","templated":true}]}}