{"id":93444,"date":"2019-07-11T13:54:22","date_gmt":"2019-07-11T13:54:22","guid":{"rendered":"https:\/\/www.3p-gmbh.de\/produkt\/escaner-plano-heidelberg-nexscan-f-4200\/"},"modified":"2019-07-11T13:54:22","modified_gmt":"2019-07-11T13:54:22","slug":"escaner-plano-3","status":"publish","type":"product","link":"https:\/\/www.3p-gmbh.de\/es\/produkt\/escaner-plano-3\/","title":{"rendered":"Esc\u00e1ner plano Heidelberg Nexscan F 4200"},"content":{"rendered":"<ul>\n<li>Modelo 3270-1<\/li>\n<li>unidad de exploraci\u00f3n montada verticalmente (sin desviaci\u00f3n del espejo)<\/li>\n<li>Tecnolog\u00eda CCD dual (CCD trilineal de 3 x 8000 p\u00edxeles, segundo CCD de 12.000 p\u00edxeles para redigitalizaci\u00f3n)<\/li>\n<li>m\u00e1x. Tama\u00f1o original 315 x 457 mm<\/li>\n<li>Resoluci\u00f3n \u00f3ptica m\u00e1x. 5080 ppp<\/li>\n<li>resoluci\u00f3n interpolada m\u00e1x. 11800 ppp<\/li>\n<li>Tipos de originales Transparencia, Positivo, Negativo, Color, B\/N<\/li>\n<li>m\u00e1x. Densidad 4.0<\/li>\n<li>con el software NewColor<\/li>\n<\/ul>\n","protected":false},"excerpt":{"rendered":"<p>Modelo 3270-1 unidad de exploraci\u00f3n montada verticalmente (sin desviaci\u00f3n del espejo) Tecnolog\u00eda CCD dual (CCD trilineal de 3 x 8000 p\u00edxeles, segundo CCD de 12.000 p\u00edxeles para redigitalizaci\u00f3n) m\u00e1x. Tama\u00f1o original 315 x 457 mm Resoluci\u00f3n \u00f3ptica m\u00e1x. 5080 ppp resoluci\u00f3n interpolada m\u00e1x. 11800 ppp Tipos de originales Transparencia, Positivo, Negativo, Color, B\/N m\u00e1x. Densidad [&hellip;]<\/p>\n","protected":false},"featured_media":65278,"template":"","meta":[],"product_brand":[],"product_cat":[3095],"product_tag":[],"class_list":{"0":"post-93444","1":"product","2":"type-product","3":"status-publish","4":"has-post-thumbnail","6":"product_cat-escaner-plano","7":"pa_baujahr-130","8":"pa_hersteller-heidelberg","9":"pa_typ-nexscan-f-4200","11":"first","12":"instock","13":"sold-individually","14":"taxable","15":"shipping-taxable","16":"purchasable","17":"product-type-simple"},"jetpack_sharing_enabled":true,"_links":{"self":[{"href":"https:\/\/www.3p-gmbh.de\/es\/wp-json\/wp\/v2\/product\/93444","targetHints":{"allow":["GET"]}}],"collection":[{"href":"https:\/\/www.3p-gmbh.de\/es\/wp-json\/wp\/v2\/product"}],"about":[{"href":"https:\/\/www.3p-gmbh.de\/es\/wp-json\/wp\/v2\/types\/product"}],"wp:featuredmedia":[{"embeddable":true,"href":"https:\/\/www.3p-gmbh.de\/es\/wp-json\/wp\/v2\/media\/65278"}],"wp:attachment":[{"href":"https:\/\/www.3p-gmbh.de\/es\/wp-json\/wp\/v2\/media?parent=93444"}],"wp:term":[{"taxonomy":"product_brand","embeddable":true,"href":"https:\/\/www.3p-gmbh.de\/es\/wp-json\/wp\/v2\/product_brand?post=93444"},{"taxonomy":"product_cat","embeddable":true,"href":"https:\/\/www.3p-gmbh.de\/es\/wp-json\/wp\/v2\/product_cat?post=93444"},{"taxonomy":"product_tag","embeddable":true,"href":"https:\/\/www.3p-gmbh.de\/es\/wp-json\/wp\/v2\/product_tag?post=93444"}],"curies":[{"name":"wp","href":"https:\/\/api.w.org\/{rel}","templated":true}]}}