{"id":93441,"date":"2019-07-11T13:54:26","date_gmt":"2019-07-11T13:54:26","guid":{"rendered":"https:\/\/www.3p-gmbh.de\/produkt\/marco-copiador-de-placas-theimer-montakop-95\/"},"modified":"2019-07-11T13:54:26","modified_gmt":"2019-07-11T13:54:26","slug":"marco-copiador-de-placas","status":"publish","type":"product","link":"https:\/\/www.3p-gmbh.de\/es\/produkt\/marco-copiador-de-placas\/","title":{"rendered":"Marco copiador de placas Theimer Montakop 95"},"content":{"rendered":"<ul>\n<li>Marco copiador de placas de alta calidad modelo 3623<\/li>\n<li>Formato utilizable 95 x 125<\/li>\n<li>Sistema autom\u00e1tico de l\u00e1mina esparcidora<\/li>\n<li>Sistema de presi\u00f3n de rodillos Theimoplan<\/li>\n<li>Ordenador KR con 72 programas y fotoc\u00e9lula para el control de la exposici\u00f3n (24 programas por nivel de potencia)<\/li>\n<li>L\u00e1mpara MH de 4000 vatios<\/li>\n<li>cortina autom\u00e1tica de protecci\u00f3n contra la luz<\/li>\n<li>Cajones robustos<\/li>\n<\/ul>\n","protected":false},"excerpt":{"rendered":"<p>Marco copiador de placas de alta calidad modelo 3623 Formato utilizable 95 x 125 Sistema autom\u00e1tico de l\u00e1mina esparcidora Sistema de presi\u00f3n de rodillos Theimoplan Ordenador KR con 72 programas y fotoc\u00e9lula para el control de la exposici\u00f3n (24 programas por nivel de potencia) L\u00e1mpara MH de 4000 vatios cortina autom\u00e1tica de protecci\u00f3n contra la [&hellip;]<\/p>\n","protected":false},"featured_media":65296,"template":"","meta":[],"product_brand":[],"product_cat":[3000],"product_tag":[],"class_list":{"0":"post-93441","1":"product","2":"type-product","3":"status-publish","4":"has-post-thumbnail","6":"product_cat-tratamiento-de-las-planchas-de-impresion-es","7":"pa_baujahr-188","8":"pa_hersteller-theimer-montakop-95","10":"first","11":"instock","12":"sold-individually","13":"taxable","14":"shipping-taxable","15":"purchasable","16":"product-type-simple"},"jetpack_sharing_enabled":true,"_links":{"self":[{"href":"https:\/\/www.3p-gmbh.de\/es\/wp-json\/wp\/v2\/product\/93441","targetHints":{"allow":["GET"]}}],"collection":[{"href":"https:\/\/www.3p-gmbh.de\/es\/wp-json\/wp\/v2\/product"}],"about":[{"href":"https:\/\/www.3p-gmbh.de\/es\/wp-json\/wp\/v2\/types\/product"}],"wp:featuredmedia":[{"embeddable":true,"href":"https:\/\/www.3p-gmbh.de\/es\/wp-json\/wp\/v2\/media\/65296"}],"wp:attachment":[{"href":"https:\/\/www.3p-gmbh.de\/es\/wp-json\/wp\/v2\/media?parent=93441"}],"wp:term":[{"taxonomy":"product_brand","embeddable":true,"href":"https:\/\/www.3p-gmbh.de\/es\/wp-json\/wp\/v2\/product_brand?post=93441"},{"taxonomy":"product_cat","embeddable":true,"href":"https:\/\/www.3p-gmbh.de\/es\/wp-json\/wp\/v2\/product_cat?post=93441"},{"taxonomy":"product_tag","embeddable":true,"href":"https:\/\/www.3p-gmbh.de\/es\/wp-json\/wp\/v2\/product_tag?post=93441"}],"curies":[{"name":"wp","href":"https:\/\/api.w.org\/{rel}","templated":true}]}}