{"id":93440,"date":"2019-07-11T13:54:26","date_gmt":"2019-07-11T13:54:26","guid":{"rendered":"https:\/\/www.3p-gmbh.de\/produkt\/espectrofotometro-gretag-macbeth-spectrolino-spectroscan\/"},"modified":"2019-07-11T13:54:26","modified_gmt":"2019-07-11T13:54:26","slug":"espectrofotometro-2","status":"publish","type":"product","link":"https:\/\/www.3p-gmbh.de\/es\/produkt\/espectrofotometro-2\/","title":{"rendered":"Espectrofot\u00f3metro Gretag Macbeth Spectrolino\/Spectroscan"},"content":{"rendered":"<p>El espectrofot\u00f3metro Spectrolino es el instrumento de medici\u00f3n preciso para todos los \u00e1mbitos de la industria gr\u00e1fica: \u00a1remisi\u00f3n, transmisi\u00f3n y emisi\u00f3n! Esto significa que las muestras de color y papel, las diapositivas, las cartas de colores y los monitores siempre se pueden medir de forma r\u00e1pida, fiable y absolutamente precisa. Con el pr\u00e1ctico dispositivo de medici\u00f3n, conseguir\u00e1 un gran rendimiento con el m\u00ednimo esfuerzo: calidad constante, desde la recepci\u00f3n del pedido hasta la entrega del producto final impreso.<\/p>\n<p>El Spectrolino se conecta a un PC o Apple Macintosh a trav\u00e9s de la interfaz RS 232C integrada, de modo que los datos medidos pueden visualizarse y procesarse directamente en el ordenador. Gracias al sistema de \u00f3ptica anular, las mediciones son igual de fiables incluso en \u00e1ngulos diferentes. Para la medici\u00f3n de las emisiones, el Spectrolino se fija de forma segura y suave a la pantalla con el soporte suministrado.<\/p>\n<p>La mesa de medici\u00f3n x\/y SpectroScan convierte el Spectrolino en una estaci\u00f3n de trabajo totalmente autom\u00e1tica para la medici\u00f3n de cartas de colores. Las plantillas superpuestas se miden con exactitud y precisi\u00f3n mediante aperturas de medici\u00f3n de 1-3 mm. Adem\u00e1s, tambi\u00e9n se pueden medir las plantillas transparentes. El papel se mantiene en su sitio mediante carga electrost\u00e1tica; tras definir tres puntos de esquina, el aparato mide autom\u00e1ticamente toda la carta. Especialmente en la creaci\u00f3n de CRT (tablas de reproducci\u00f3n crom\u00e1tica) y perfiles ICC (Consorcio Internacional del Color), el equipo de fot\u00f3metro y mesa de medici\u00f3n realiza un trabajo impresionante.<\/p>\n<ul>\n<li>Interfaz: serie RS 232, 110 a 57 600 baudios<\/li>\n<li>Toma de datos: toma Mini DIN<\/li>\n<li>Alimentaci\u00f3n: de 90 a 270 V CA, de 47 a 63 Hz<\/li>\n<li>Consumo: 100 V CA 2A, 220 V CA 1A<\/li>\n<li>Dimensiones: Anchura 430 mm, profundidad 530 mm<\/li>\n<li>Altura: 150 mm<\/li>\n<li>Peso: 7,5 kg<\/li>\n<li>Espesor del material de las plantillas: Remisi\u00f3n m\u00e1x. 1,5 mm, transmisi\u00f3n m\u00e1x. 0,25 mm<\/li>\n<li>Precisi\u00f3n de posicionamiento: +\/- 0,25 mm<\/li>\n<li>Alcance de conducci\u00f3n: m\u00e1x. 240 x 310 mm<\/li>\n<li>Medici\u00f3n espectral mediante rejilla de difracci\u00f3n hologr\u00e1fica<\/li>\n<li>Rango de medici\u00f3n espectral: 380 a 730 nm<\/li>\n<li>Resoluci\u00f3n f\u00edsica: 10 nm<\/li>\n<li>Modos de medici\u00f3n: Remisi\u00f3n, Emisi\u00f3n, Transmisi\u00f3n<\/li>\n<li>Interfaz: serie RS 232, 110 a 57 600 baudios<\/li>\n<li>Toma de datos: toma Mini DIN<\/li>\n<li>Alimentaci\u00f3n: mediante cable de datos y fuente de alimentaci\u00f3n<\/li>\n<\/ul>\n","protected":false},"excerpt":{"rendered":"<p>El espectrofot\u00f3metro Spectrolino es el instrumento de medici\u00f3n preciso para todos los \u00e1mbitos de la industria gr\u00e1fica: \u00a1remisi\u00f3n, transmisi\u00f3n y emisi\u00f3n! Esto significa que las muestras de color y papel, las diapositivas, las cartas de colores y los monitores siempre se pueden medir de forma r\u00e1pida, fiable y absolutamente precisa. Con el pr\u00e1ctico dispositivo de [&hellip;]<\/p>\n","protected":false},"featured_media":65332,"template":"","meta":[],"product_brand":[],"product_cat":[2933],"product_tag":[],"class_list":{"0":"post-93440","1":"product","2":"type-product","3":"status-publish","4":"has-post-thumbnail","6":"product_cat-instrumentos-de-medida-y-control-de-calidad","7":"pa_baujahr-140","8":"pa_hersteller-gretag-macbeth","9":"pa_typ-spectroscan-mit-spectrolino","11":"first","12":"instock","13":"sold-individually","14":"taxable","15":"shipping-taxable","16":"purchasable","17":"product-type-simple"},"jetpack_sharing_enabled":true,"_links":{"self":[{"href":"https:\/\/www.3p-gmbh.de\/es\/wp-json\/wp\/v2\/product\/93440","targetHints":{"allow":["GET"]}}],"collection":[{"href":"https:\/\/www.3p-gmbh.de\/es\/wp-json\/wp\/v2\/product"}],"about":[{"href":"https:\/\/www.3p-gmbh.de\/es\/wp-json\/wp\/v2\/types\/product"}],"wp:featuredmedia":[{"embeddable":true,"href":"https:\/\/www.3p-gmbh.de\/es\/wp-json\/wp\/v2\/media\/65332"}],"wp:attachment":[{"href":"https:\/\/www.3p-gmbh.de\/es\/wp-json\/wp\/v2\/media?parent=93440"}],"wp:term":[{"taxonomy":"product_brand","embeddable":true,"href":"https:\/\/www.3p-gmbh.de\/es\/wp-json\/wp\/v2\/product_brand?post=93440"},{"taxonomy":"product_cat","embeddable":true,"href":"https:\/\/www.3p-gmbh.de\/es\/wp-json\/wp\/v2\/product_cat?post=93440"},{"taxonomy":"product_tag","embeddable":true,"href":"https:\/\/www.3p-gmbh.de\/es\/wp-json\/wp\/v2\/product_tag?post=93440"}],"curies":[{"name":"wp","href":"https:\/\/api.w.org\/{rel}","templated":true}]}}