{"id":93433,"date":"2019-07-11T13:54:26","date_gmt":"2019-07-11T13:54:26","guid":{"rendered":"https:\/\/www.3p-gmbh.de\/produkt\/densitometro-de-pelicula-techkon-t-120\/"},"modified":"2019-07-11T13:54:26","modified_gmt":"2019-07-11T13:54:26","slug":"densitometro-3","status":"publish","type":"product","link":"https:\/\/www.3p-gmbh.de\/es\/produkt\/densitometro-3\/","title":{"rendered":"Densit\u00f3metro de pel\u00edcula Techkon T 120"},"content":{"rendered":"<p><strong>Densit\u00f3metro de luz transmitida Techkon RT 120 con placa de luz LP 40<\/strong><br \/>\nusado<\/p>\n<p>Datos t\u00e9cnicos:<br \/>\n<strong>Profundidad de inserci\u00f3n de 40 cm con panel luminoso LP 40<\/strong><\/p>\n<p>Densidad Luz transmitida Rango de medici\u00f3n: 0,00-; 6,00 D +-0,01 D<br \/>\nRango de medici\u00f3n: 0-100% + &#8211; 1%.<\/p>\n<p>Transmisi\u00f3n de densidad Rango de medici\u00f3n: 0,00-6,00 D +-o,o1 D<br \/>\nTransmisi\u00f3n de la medici\u00f3n de trama : 0-100% +- 1%.<br \/>\nApertura redonda de 3 mm<br \/>\nPila de NiMH de 9 V<\/p>\n","protected":false},"excerpt":{"rendered":"<p>Densit\u00f3metro de luz transmitida Techkon RT 120 con placa de luz LP 40 usado Datos t\u00e9cnicos: Profundidad de inserci\u00f3n de 40 cm con panel luminoso LP 40 Densidad Luz transmitida Rango de medici\u00f3n: 0,00-; 6,00 D +-0,01 D Rango de medici\u00f3n: 0-100% + &#8211; 1%. Transmisi\u00f3n de densidad Rango de medici\u00f3n: 0,00-6,00 D +-o,o1 D [&hellip;]<\/p>\n","protected":false},"featured_media":117514,"template":"","meta":[],"product_brand":[],"product_cat":[2933],"product_tag":[],"class_list":{"0":"post-93433","1":"product","2":"type-product","3":"status-publish","4":"has-post-thumbnail","6":"product_cat-instrumentos-de-medida-y-control-de-calidad","7":"pa_baujahr-168","8":"pa_hersteller-techkon","9":"pa_typ-t-120-mit-leuchtplatte-lp20","11":"first","12":"instock","13":"sold-individually","14":"taxable","15":"shipping-taxable","16":"purchasable","17":"product-type-simple"},"jetpack_sharing_enabled":true,"_links":{"self":[{"href":"https:\/\/www.3p-gmbh.de\/es\/wp-json\/wp\/v2\/product\/93433","targetHints":{"allow":["GET"]}}],"collection":[{"href":"https:\/\/www.3p-gmbh.de\/es\/wp-json\/wp\/v2\/product"}],"about":[{"href":"https:\/\/www.3p-gmbh.de\/es\/wp-json\/wp\/v2\/types\/product"}],"wp:featuredmedia":[{"embeddable":true,"href":"https:\/\/www.3p-gmbh.de\/es\/wp-json\/wp\/v2\/media\/117514"}],"wp:attachment":[{"href":"https:\/\/www.3p-gmbh.de\/es\/wp-json\/wp\/v2\/media?parent=93433"}],"wp:term":[{"taxonomy":"product_brand","embeddable":true,"href":"https:\/\/www.3p-gmbh.de\/es\/wp-json\/wp\/v2\/product_brand?post=93433"},{"taxonomy":"product_cat","embeddable":true,"href":"https:\/\/www.3p-gmbh.de\/es\/wp-json\/wp\/v2\/product_cat?post=93433"},{"taxonomy":"product_tag","embeddable":true,"href":"https:\/\/www.3p-gmbh.de\/es\/wp-json\/wp\/v2\/product_tag?post=93433"}],"curies":[{"name":"wp","href":"https:\/\/api.w.org\/{rel}","templated":true}]}}