{"id":93425,"date":"2019-07-11T13:54:29","date_gmt":"2019-07-11T13:54:29","guid":{"rendered":"https:\/\/www.3p-gmbh.de\/produkt\/software-de-creacion-de-perfiles-icc-gretag-macbeth-profilemaker\/"},"modified":"2019-07-11T13:54:29","modified_gmt":"2019-07-11T13:54:29","slug":"software-de-perfiles-icc","status":"publish","type":"product","link":"https:\/\/www.3p-gmbh.de\/es\/produkt\/software-de-perfiles-icc\/","title":{"rendered":"Software de creaci\u00f3n de perfiles ICC Gretag Macbeth ProfileMaker"},"content":{"rendered":"<p>ProfileMaker Professional es un completo paquete de programas para crear perfiles ICC para dispositivos de entrada y salida, que tambi\u00e9n admite procesos multicolor de hasta 10 colores planos. Adem\u00e1s, puede comparar y promediar archivos de medici\u00f3n, editar perfiles ICC, convertir colores PANTONE en colores de dispositivo, escribir y leer archivos CxF y mucho m\u00e1s a trav\u00e9s de los m\u00f3dulos de programa correspondientes.<\/p>\n<ul>\n<li>Entrada de ProfileMaker<\/li>\n<li>Creaci\u00f3n de perfiles ICC para esc\u00e1neres incl. Carta de pruebas de luz incidente, luz transmitida y diapositivas con archivos de referencia (cartas IT8)<\/li>\n<li>Monitor ProfileMaker<\/li>\n<li>Creaci\u00f3n de perfiles ICC para monitores CRT y LCD<\/li>\n<li>Calibraci\u00f3n del monitor<\/li>\n<li>Salida de ProfileMaker<\/li>\n<li>Creaci\u00f3n de perfiles ICC para procesos de impresi\u00f3n RGB, CMYK y de 6 colores<\/li>\n<\/ul>\n","protected":false},"excerpt":{"rendered":"<p>ProfileMaker Professional es un completo paquete de programas para crear perfiles ICC para dispositivos de entrada y salida, que tambi\u00e9n admite procesos multicolor de hasta 10 colores planos. Adem\u00e1s, puede comparar y promediar archivos de medici\u00f3n, editar perfiles ICC, convertir colores PANTONE en colores de dispositivo, escribir y leer archivos CxF y mucho m\u00e1s a [&hellip;]<\/p>\n","protected":false},"featured_media":65353,"template":"","meta":[],"product_brand":[],"product_cat":[3008],"product_tag":[],"class_list":{"0":"post-93425","1":"product","2":"type-product","3":"status-publish","4":"has-post-thumbnail","6":"product_cat-software-de-preimpresion","7":"pa_baujahr-326","8":"pa_hersteller-gretag-macbeth","9":"pa_typ-profilemaker-publish-pro-version-5-1","11":"first","12":"instock","13":"sold-individually","14":"taxable","15":"shipping-taxable","16":"purchasable","17":"product-type-simple"},"jetpack_sharing_enabled":true,"_links":{"self":[{"href":"https:\/\/www.3p-gmbh.de\/es\/wp-json\/wp\/v2\/product\/93425","targetHints":{"allow":["GET"]}}],"collection":[{"href":"https:\/\/www.3p-gmbh.de\/es\/wp-json\/wp\/v2\/product"}],"about":[{"href":"https:\/\/www.3p-gmbh.de\/es\/wp-json\/wp\/v2\/types\/product"}],"wp:featuredmedia":[{"embeddable":true,"href":"https:\/\/www.3p-gmbh.de\/es\/wp-json\/wp\/v2\/media\/65353"}],"wp:attachment":[{"href":"https:\/\/www.3p-gmbh.de\/es\/wp-json\/wp\/v2\/media?parent=93425"}],"wp:term":[{"taxonomy":"product_brand","embeddable":true,"href":"https:\/\/www.3p-gmbh.de\/es\/wp-json\/wp\/v2\/product_brand?post=93425"},{"taxonomy":"product_cat","embeddable":true,"href":"https:\/\/www.3p-gmbh.de\/es\/wp-json\/wp\/v2\/product_cat?post=93425"},{"taxonomy":"product_tag","embeddable":true,"href":"https:\/\/www.3p-gmbh.de\/es\/wp-json\/wp\/v2\/product_tag?post=93425"}],"curies":[{"name":"wp","href":"https:\/\/api.w.org\/{rel}","templated":true}]}}