{"id":93420,"date":"2019-07-11T13:54:29","date_gmt":"2019-07-11T13:54:29","guid":{"rendered":"https:\/\/www.3p-gmbh.de\/produkt\/flujo-de-trabajo-de-heidelberg-prinect-prepress-manager\/"},"modified":"2019-07-11T13:54:29","modified_gmt":"2019-07-11T13:54:29","slug":"sistema-de-flujo-de-trabajo-de-preimpresion","status":"publish","type":"product","link":"https:\/\/www.3p-gmbh.de\/es\/produkt\/sistema-de-flujo-de-trabajo-de-preimpresion\/","title":{"rendered":"Flujo de trabajo de Heidelberg Prinect PrePress Manager"},"content":{"rendered":"<ul>\n<li>Sistema de flujo de trabajo de preimpresi\u00f3n totalmente automatizable y basado en JDF con herramientas para comprobar y optimizar los datos PDF entregados, incluida la gesti\u00f3n y captura del color, as\u00ed como una perfecta integraci\u00f3n con Prinect Signa Station.<\/li>\n<li>con PDF Print Engine PSS 4.0-75 IOP<\/li>\n<li>con PDF Imposer<\/li>\n<li>con Prepress Manager 4.0 ES<\/li>\n<li>con Prinect License Server<\/li>\n<\/ul>\n","protected":false},"excerpt":{"rendered":"<p>Sistema de flujo de trabajo de preimpresi\u00f3n totalmente automatizable y basado en JDF con herramientas para comprobar y optimizar los datos PDF entregados, incluida la gesti\u00f3n y captura del color, as\u00ed como una perfecta integraci\u00f3n con Prinect Signa Station. con PDF Print Engine PSS 4.0-75 IOP con PDF Imposer con Prepress Manager 4.0 ES con [&hellip;]<\/p>\n","protected":false},"featured_media":65356,"template":"","meta":[],"product_brand":[],"product_cat":[3008],"product_tag":[],"class_list":{"0":"post-93420","1":"product","2":"type-product","3":"status-publish","4":"has-post-thumbnail","6":"product_cat-software-de-preimpresion","7":"pa_baujahr-326","8":"pa_hersteller-heidelberg","9":"pa_typ-prinect-pre-press-manager-m","11":"first","12":"instock","13":"sold-individually","14":"taxable","15":"shipping-taxable","16":"purchasable","17":"product-type-simple"},"jetpack_sharing_enabled":true,"_links":{"self":[{"href":"https:\/\/www.3p-gmbh.de\/es\/wp-json\/wp\/v2\/product\/93420","targetHints":{"allow":["GET"]}}],"collection":[{"href":"https:\/\/www.3p-gmbh.de\/es\/wp-json\/wp\/v2\/product"}],"about":[{"href":"https:\/\/www.3p-gmbh.de\/es\/wp-json\/wp\/v2\/types\/product"}],"wp:featuredmedia":[{"embeddable":true,"href":"https:\/\/www.3p-gmbh.de\/es\/wp-json\/wp\/v2\/media\/65356"}],"wp:attachment":[{"href":"https:\/\/www.3p-gmbh.de\/es\/wp-json\/wp\/v2\/media?parent=93420"}],"wp:term":[{"taxonomy":"product_brand","embeddable":true,"href":"https:\/\/www.3p-gmbh.de\/es\/wp-json\/wp\/v2\/product_brand?post=93420"},{"taxonomy":"product_cat","embeddable":true,"href":"https:\/\/www.3p-gmbh.de\/es\/wp-json\/wp\/v2\/product_cat?post=93420"},{"taxonomy":"product_tag","embeddable":true,"href":"https:\/\/www.3p-gmbh.de\/es\/wp-json\/wp\/v2\/product_tag?post=93420"}],"curies":[{"name":"wp","href":"https:\/\/api.w.org\/{rel}","templated":true}]}}