{"id":93397,"date":"2019-07-11T13:54:29","date_gmt":"2019-07-11T13:54:29","guid":{"rendered":"https:\/\/www.3p-gmbh.de\/produkt\/heidelberg-prinect-pressroom-manager-10\/"},"modified":"2019-07-11T13:54:29","modified_gmt":"2019-07-11T13:54:29","slug":"heidelberg-prinect-pressroom-manager-10","status":"publish","type":"product","link":"https:\/\/www.3p-gmbh.de\/es\/produkt\/heidelberg-prinect-pressroom-manager-10\/","title":{"rendered":"Heidelberg Prinect Pressroom Manager 10"},"content":{"rendered":"<p>Los siguientes componentes de Prinect tienen licencia en el Dongle Servidor de Licencias:<\/p>\n<ul>\n<li>Prinect Pressroom Manager 106 (contiene la interfaz PrePress para 8 p\u00e1ginas)<\/li>\n<li>Prinect Integration Manager (incl. 1\u00d7 Prinect Cockpit) Versi\u00f3n: 15.0<\/li>\n<\/ul>\n<p>La integraci\u00f3n de todas las fases del proceso proporciona a las imprentas ventajas competitivas decisivas. Con Prinect Pressroom Manager, se vincula de forma inteligente la informaci\u00f3n existente para que los trabajos de impresi\u00f3n est\u00e9n disponibles autom\u00e1ticamente en el momento adecuado en la rotativa adecuada. Prinect Pressroom Manager pone todos los datos a disposici\u00f3n del usuario en puestos de mando Prinect claramente dispuestos y en la consola de control de la rotativa. All\u00ed, facilitan a los impresores sus retos diarios, por ejemplo, ofreciendo opciones de selecci\u00f3n para ahorrar tiempo en el procesamiento de trabajos.<\/p>\n<p>El volumen de suministro incluye un dongle USB con clave de activaci\u00f3n; el CD de software original correspondiente debe solicitarse al servicio de asistencia de Heidelberg.<\/p>\n","protected":false},"excerpt":{"rendered":"<p>Los siguientes componentes de Prinect tienen licencia en el Dongle Servidor de Licencias: Prinect Pressroom Manager 106 (contiene la interfaz PrePress para 8 p\u00e1ginas) Prinect Integration Manager (incl. 1\u00d7 Prinect Cockpit) Versi\u00f3n: 15.0 La integraci\u00f3n de todas las fases del proceso proporciona a las imprentas ventajas competitivas decisivas. Con Prinect Pressroom Manager, se vincula de [&hellip;]<\/p>\n","protected":false},"featured_media":71332,"template":"","meta":[],"product_brand":[],"product_cat":[3008],"product_tag":[],"class_list":{"0":"post-93397","1":"product","2":"type-product","3":"status-publish","4":"has-post-thumbnail","6":"product_cat-software-de-preimpresion","7":"pa_baujahr-711","8":"pa_hersteller-heideberger-druckmaschinen","9":"pa_typ-prinect-pressroom-manager-106","11":"first","12":"instock","13":"sold-individually","14":"taxable","15":"shipping-taxable","16":"purchasable","17":"product-type-simple"},"jetpack_sharing_enabled":true,"_links":{"self":[{"href":"https:\/\/www.3p-gmbh.de\/es\/wp-json\/wp\/v2\/product\/93397","targetHints":{"allow":["GET"]}}],"collection":[{"href":"https:\/\/www.3p-gmbh.de\/es\/wp-json\/wp\/v2\/product"}],"about":[{"href":"https:\/\/www.3p-gmbh.de\/es\/wp-json\/wp\/v2\/types\/product"}],"wp:featuredmedia":[{"embeddable":true,"href":"https:\/\/www.3p-gmbh.de\/es\/wp-json\/wp\/v2\/media\/71332"}],"wp:attachment":[{"href":"https:\/\/www.3p-gmbh.de\/es\/wp-json\/wp\/v2\/media?parent=93397"}],"wp:term":[{"taxonomy":"product_brand","embeddable":true,"href":"https:\/\/www.3p-gmbh.de\/es\/wp-json\/wp\/v2\/product_brand?post=93397"},{"taxonomy":"product_cat","embeddable":true,"href":"https:\/\/www.3p-gmbh.de\/es\/wp-json\/wp\/v2\/product_cat?post=93397"},{"taxonomy":"product_tag","embeddable":true,"href":"https:\/\/www.3p-gmbh.de\/es\/wp-json\/wp\/v2\/product_tag?post=93397"}],"curies":[{"name":"wp","href":"https:\/\/api.w.org\/{rel}","templated":true}]}}