{"id":93381,"date":"2019-07-11T13:54:32","date_gmt":"2019-07-11T13:54:32","guid":{"rendered":"https:\/\/www.3p-gmbh.de\/produkt\/sistema-de-transporte-de-planchas-de-impresion-axe\/"},"modified":"2019-07-11T13:54:32","modified_gmt":"2019-07-11T13:54:32","slug":"sistema-de-transporte-de-placas-de-presion","status":"publish","type":"product","link":"https:\/\/www.3p-gmbh.de\/es\/produkt\/sistema-de-transporte-de-placas-de-presion\/","title":{"rendered":"Sistema de transporte de planchas de impresi\u00f3n Axe"},"content":{"rendered":"<ul>\n<li>Sistema de clasificaci\u00f3n y transporte de planchas de impresi\u00f3n con troqueladora \u00f3ptica en l\u00ednea Berth Autoplate de 780 mm<\/li>\n<li>con alimentaci\u00f3n de papel intermedia<\/li>\n<li>con 10 estaciones de apilado y desapilado<\/li>\n<\/ul>\n","protected":false},"excerpt":{"rendered":"<p>Sistema de clasificaci\u00f3n y transporte de planchas de impresi\u00f3n con troqueladora \u00f3ptica en l\u00ednea Berth Autoplate de 780 mm con alimentaci\u00f3n de papel intermedia con 10 estaciones de apilado y desapilado<\/p>\n","protected":false},"featured_media":65422,"template":"","meta":[],"product_brand":[],"product_cat":[3000],"product_tag":[],"class_list":{"0":"post-93381","1":"product","2":"type-product","3":"status-publish","4":"has-post-thumbnail","6":"product_cat-tratamiento-de-las-planchas-de-impresion-es","7":"pa_baujahr-326","8":"pa_hersteller-beil-berth","9":"pa_typ-druckplattentransportsystem","11":"first","12":"instock","13":"sold-individually","14":"taxable","15":"shipping-taxable","16":"purchasable","17":"product-type-simple"},"jetpack_sharing_enabled":true,"_links":{"self":[{"href":"https:\/\/www.3p-gmbh.de\/es\/wp-json\/wp\/v2\/product\/93381","targetHints":{"allow":["GET"]}}],"collection":[{"href":"https:\/\/www.3p-gmbh.de\/es\/wp-json\/wp\/v2\/product"}],"about":[{"href":"https:\/\/www.3p-gmbh.de\/es\/wp-json\/wp\/v2\/types\/product"}],"wp:featuredmedia":[{"embeddable":true,"href":"https:\/\/www.3p-gmbh.de\/es\/wp-json\/wp\/v2\/media\/65422"}],"wp:attachment":[{"href":"https:\/\/www.3p-gmbh.de\/es\/wp-json\/wp\/v2\/media?parent=93381"}],"wp:term":[{"taxonomy":"product_brand","embeddable":true,"href":"https:\/\/www.3p-gmbh.de\/es\/wp-json\/wp\/v2\/product_brand?post=93381"},{"taxonomy":"product_cat","embeddable":true,"href":"https:\/\/www.3p-gmbh.de\/es\/wp-json\/wp\/v2\/product_cat?post=93381"},{"taxonomy":"product_tag","embeddable":true,"href":"https:\/\/www.3p-gmbh.de\/es\/wp-json\/wp\/v2\/product_tag?post=93381"}],"curies":[{"name":"wp","href":"https:\/\/api.w.org\/{rel}","templated":true}]}}