{"id":93342,"date":"2019-07-11T13:54:32","date_gmt":"2019-07-11T13:54:32","guid":{"rendered":"https:\/\/www.3p-gmbh.de\/produkt\/horno-technografica-a-2-para-planchas-de-impresion\/"},"modified":"2019-07-11T13:54:32","modified_gmt":"2019-07-11T13:54:32","slug":"estufa-para-placas-de-presion","status":"publish","type":"product","link":"https:\/\/www.3p-gmbh.de\/es\/produkt\/estufa-para-placas-de-presion\/","title":{"rendered":"Horno Technografica A 2 para planchas de impresi\u00f3n"},"content":{"rendered":"<ul>\n<li>Horno de cocci\u00f3n para planchas de impresi\u00f3n de hasta formato A2<\/li>\n<li>Aumenta el rendimiento de funcionamiento de los paneles y, por tanto, reduce los costes y el tiempo de preparaci\u00f3n<\/li>\n<li>Ideal para rotativas y m\u00e1quinas de impresi\u00f3n continua<\/li>\n<\/ul>\n","protected":false},"excerpt":{"rendered":"<p>Horno de cocci\u00f3n para planchas de impresi\u00f3n de hasta formato A2 Aumenta el rendimiento de funcionamiento de los paneles y, por tanto, reduce los costes y el tiempo de preparaci\u00f3n Ideal para rotativas y m\u00e1quinas de impresi\u00f3n continua<\/p>\n","protected":false},"featured_media":65488,"template":"","meta":[],"product_brand":[],"product_cat":[3000],"product_tag":[],"class_list":{"0":"post-93342","1":"product","2":"type-product","3":"status-publish","4":"has-post-thumbnail","6":"product_cat-tratamiento-de-las-planchas-de-impresion-es","7":"pa_baujahr-130","8":"pa_hersteller-technografica","9":"pa_typ-einbrennofen-a2","11":"first","12":"instock","13":"sold-individually","14":"taxable","15":"shipping-taxable","16":"purchasable","17":"product-type-simple"},"jetpack_sharing_enabled":true,"_links":{"self":[{"href":"https:\/\/www.3p-gmbh.de\/es\/wp-json\/wp\/v2\/product\/93342","targetHints":{"allow":["GET"]}}],"collection":[{"href":"https:\/\/www.3p-gmbh.de\/es\/wp-json\/wp\/v2\/product"}],"about":[{"href":"https:\/\/www.3p-gmbh.de\/es\/wp-json\/wp\/v2\/types\/product"}],"wp:featuredmedia":[{"embeddable":true,"href":"https:\/\/www.3p-gmbh.de\/es\/wp-json\/wp\/v2\/media\/65488"}],"wp:attachment":[{"href":"https:\/\/www.3p-gmbh.de\/es\/wp-json\/wp\/v2\/media?parent=93342"}],"wp:term":[{"taxonomy":"product_brand","embeddable":true,"href":"https:\/\/www.3p-gmbh.de\/es\/wp-json\/wp\/v2\/product_brand?post=93342"},{"taxonomy":"product_cat","embeddable":true,"href":"https:\/\/www.3p-gmbh.de\/es\/wp-json\/wp\/v2\/product_cat?post=93342"},{"taxonomy":"product_tag","embeddable":true,"href":"https:\/\/www.3p-gmbh.de\/es\/wp-json\/wp\/v2\/product_tag?post=93342"}],"curies":[{"name":"wp","href":"https:\/\/api.w.org\/{rel}","templated":true}]}}