{"id":93328,"date":"2019-07-11T13:53:56","date_gmt":"2019-07-11T13:53:56","guid":{"rendered":"https:\/\/www.3p-gmbh.de\/produkt\/densitometro-de-placas-xrite-combodot-ctp-20\/"},"modified":"2019-07-11T13:53:56","modified_gmt":"2019-07-11T13:53:56","slug":"densitometro-de-placas","status":"publish","type":"product","link":"https:\/\/www.3p-gmbh.de\/es\/produkt\/densitometro-de-placas\/","title":{"rendered":"Densit\u00f3metro de placas Xrite ComboDot CTP 20"},"content":{"rendered":"<p>El dispositivo de medici\u00f3n determina el tama\u00f1o del punto de trama en todas las planchas de impresi\u00f3n, as\u00ed como en la pel\u00edcula. Permite analizar con precisi\u00f3n los porcentajes de pantalla de pel\u00edculas de puntos o l\u00edneas duras en cualquier mesa de luz. Tambi\u00e9n incluye un cabezal de medici\u00f3n de densidad independiente y una unidad de luz transmitida para la medici\u00f3n convencional de la densidad de la pel\u00edcula.<\/p>\n<p>Incluido en la entrega: CTP de 20 metros (como se ha descrito anteriormente) con cables adaptadores y fuente de alimentaci\u00f3n, tabla de certificaci\u00f3n, software Imagelink y Keymagic para PC y Mac, malet\u00edn.<\/p>\n","protected":false},"excerpt":{"rendered":"<p>El dispositivo de medici\u00f3n determina el tama\u00f1o del punto de trama en todas las planchas de impresi\u00f3n, as\u00ed como en la pel\u00edcula. Permite analizar con precisi\u00f3n los porcentajes de pantalla de pel\u00edculas de puntos o l\u00edneas duras en cualquier mesa de luz. Tambi\u00e9n incluye un cabezal de medici\u00f3n de densidad independiente y una unidad de [&hellip;]<\/p>\n","protected":false},"featured_media":64891,"template":"","meta":[],"product_brand":[],"product_cat":[2933],"product_tag":[],"class_list":{"0":"post-93328","1":"product","2":"type-product","3":"status-publish","4":"has-post-thumbnail","6":"product_cat-instrumentos-de-medida-y-control-de-calidad","7":"pa_baujahr-127","8":"pa_hersteller-xrite-macbeth","9":"pa_typ-combodot-ctp-20","11":"first","12":"instock","13":"sold-individually","14":"taxable","15":"shipping-taxable","16":"purchasable","17":"product-type-simple"},"jetpack_sharing_enabled":true,"_links":{"self":[{"href":"https:\/\/www.3p-gmbh.de\/es\/wp-json\/wp\/v2\/product\/93328","targetHints":{"allow":["GET"]}}],"collection":[{"href":"https:\/\/www.3p-gmbh.de\/es\/wp-json\/wp\/v2\/product"}],"about":[{"href":"https:\/\/www.3p-gmbh.de\/es\/wp-json\/wp\/v2\/types\/product"}],"wp:featuredmedia":[{"embeddable":true,"href":"https:\/\/www.3p-gmbh.de\/es\/wp-json\/wp\/v2\/media\/64891"}],"wp:attachment":[{"href":"https:\/\/www.3p-gmbh.de\/es\/wp-json\/wp\/v2\/media?parent=93328"}],"wp:term":[{"taxonomy":"product_brand","embeddable":true,"href":"https:\/\/www.3p-gmbh.de\/es\/wp-json\/wp\/v2\/product_brand?post=93328"},{"taxonomy":"product_cat","embeddable":true,"href":"https:\/\/www.3p-gmbh.de\/es\/wp-json\/wp\/v2\/product_cat?post=93328"},{"taxonomy":"product_tag","embeddable":true,"href":"https:\/\/www.3p-gmbh.de\/es\/wp-json\/wp\/v2\/product_tag?post=93328"}],"curies":[{"name":"wp","href":"https:\/\/api.w.org\/{rel}","templated":true}]}}