{"id":93327,"date":"2019-07-11T13:53:56","date_gmt":"2019-07-11T13:53:56","guid":{"rendered":"https:\/\/www.3p-gmbh.de\/produkt\/termofijadora-creo-lotem-400\/"},"modified":"2019-07-11T13:53:56","modified_gmt":"2019-07-11T13:53:56","slug":"filmadora-termica","status":"publish","type":"product","link":"https:\/\/www.3p-gmbh.de\/es\/produkt\/filmadora-termica\/","title":{"rendered":"Termofijadora Creo Lotem 400"},"content":{"rendered":"<ul>\n<li>aprox. 18.000 placas expuestas<\/li>\n<li>Fijadora de im\u00e1genes CtP de tambor externo<\/li>\n<li>L\u00e1ser t\u00e9rmico infrarrojo 830 nm<\/li>\n<li>min. Formato del plato en circunferencia de tambor 311 x 622 mm<\/li>\n<li>m\u00e1x. Formato del panel A lo largo del eje del tambor 229 x 750 mm<\/li>\n<li>Grosor del material 0,15-0,3 mm<\/li>\n<li>Carga manual del disco<\/li>\n<li>Estaci\u00f3n de trabajo XPO<\/li>\n<\/ul>\n","protected":false},"excerpt":{"rendered":"<p>aprox. 18.000 placas expuestas Fijadora de im\u00e1genes CtP de tambor externo L\u00e1ser t\u00e9rmico infrarrojo 830 nm min. Formato del plato en circunferencia de tambor 311 x 622 mm m\u00e1x. Formato del panel A lo largo del eje del tambor 229 x 750 mm Grosor del material 0,15-0,3 mm Carga manual del disco Estaci\u00f3n de trabajo [&hellip;]<\/p>\n","protected":false},"featured_media":64894,"template":"","meta":[],"product_brand":[],"product_cat":[2870],"product_tag":[],"class_list":{"0":"post-93327","1":"product","2":"type-product","3":"status-publish","4":"has-post-thumbnail","6":"product_cat-sistemas-de-ordenador-a-placa","7":"pa_baujahr-198","8":"pa_hersteller-creo-kodak","9":"pa_typ-lotem-400-prozesslos","11":"first","12":"instock","13":"sold-individually","14":"taxable","15":"shipping-taxable","16":"purchasable","17":"product-type-simple"},"jetpack_sharing_enabled":true,"_links":{"self":[{"href":"https:\/\/www.3p-gmbh.de\/es\/wp-json\/wp\/v2\/product\/93327","targetHints":{"allow":["GET"]}}],"collection":[{"href":"https:\/\/www.3p-gmbh.de\/es\/wp-json\/wp\/v2\/product"}],"about":[{"href":"https:\/\/www.3p-gmbh.de\/es\/wp-json\/wp\/v2\/types\/product"}],"wp:featuredmedia":[{"embeddable":true,"href":"https:\/\/www.3p-gmbh.de\/es\/wp-json\/wp\/v2\/media\/64894"}],"wp:attachment":[{"href":"https:\/\/www.3p-gmbh.de\/es\/wp-json\/wp\/v2\/media?parent=93327"}],"wp:term":[{"taxonomy":"product_brand","embeddable":true,"href":"https:\/\/www.3p-gmbh.de\/es\/wp-json\/wp\/v2\/product_brand?post=93327"},{"taxonomy":"product_cat","embeddable":true,"href":"https:\/\/www.3p-gmbh.de\/es\/wp-json\/wp\/v2\/product_cat?post=93327"},{"taxonomy":"product_tag","embeddable":true,"href":"https:\/\/www.3p-gmbh.de\/es\/wp-json\/wp\/v2\/product_tag?post=93327"}],"curies":[{"name":"wp","href":"https:\/\/api.w.org\/{rel}","templated":true}]}}