{"id":93326,"date":"2019-07-11T13:53:56","date_gmt":"2019-07-11T13:53:56","guid":{"rendered":"https:\/\/www.3p-gmbh.de\/produkt\/software-de-montaje-de-hojas-kodak-preps-pro-5-3\/"},"modified":"2019-07-11T13:53:56","modified_gmt":"2019-07-11T13:53:56","slug":"software-de-ensamblaje-de-arcos","status":"publish","type":"product","link":"https:\/\/www.3p-gmbh.de\/es\/produkt\/software-de-ensamblaje-de-arcos\/","title":{"rendered":"Software de montaje de hojas Kodak Preps Pro 5.3"},"content":{"rendered":"<p>La soluci\u00f3n completa de fotograf\u00eda digital para Mac o Windows. Preps ofrece potentes funciones de montaje de hojas, funciones integradas de separaci\u00f3n de colores, procesamiento de datos PostScript y PDF pre-separados o compuestos, incluye previsualizaci\u00f3n PostScript basada en PostScript 3 y se integra en cualquier flujo de trabajo.<br \/>\nEl software se entrega junto con un dongel de hardware (USB).<\/p>\n","protected":false},"excerpt":{"rendered":"<p>La soluci\u00f3n completa de fotograf\u00eda digital para Mac o Windows. Preps ofrece potentes funciones de montaje de hojas, funciones integradas de separaci\u00f3n de colores, procesamiento de datos PostScript y PDF pre-separados o compuestos, incluye previsualizaci\u00f3n PostScript basada en PostScript 3 y se integra en cualquier flujo de trabajo. El software se entrega junto con un [&hellip;]<\/p>\n","protected":false},"featured_media":64906,"template":"","meta":[],"product_brand":[],"product_cat":[3008],"product_tag":[],"class_list":{"0":"post-93326","1":"product","2":"type-product","3":"status-publish","4":"has-post-thumbnail","6":"product_cat-software-de-preimpresion","7":"pa_baujahr-127","8":"pa_hersteller-kodak","9":"pa_typ-preps-pro-5-3","11":"first","12":"instock","13":"sold-individually","14":"taxable","15":"shipping-taxable","16":"purchasable","17":"product-type-simple"},"jetpack_sharing_enabled":true,"_links":{"self":[{"href":"https:\/\/www.3p-gmbh.de\/es\/wp-json\/wp\/v2\/product\/93326","targetHints":{"allow":["GET"]}}],"collection":[{"href":"https:\/\/www.3p-gmbh.de\/es\/wp-json\/wp\/v2\/product"}],"about":[{"href":"https:\/\/www.3p-gmbh.de\/es\/wp-json\/wp\/v2\/types\/product"}],"wp:featuredmedia":[{"embeddable":true,"href":"https:\/\/www.3p-gmbh.de\/es\/wp-json\/wp\/v2\/media\/64906"}],"wp:attachment":[{"href":"https:\/\/www.3p-gmbh.de\/es\/wp-json\/wp\/v2\/media?parent=93326"}],"wp:term":[{"taxonomy":"product_brand","embeddable":true,"href":"https:\/\/www.3p-gmbh.de\/es\/wp-json\/wp\/v2\/product_brand?post=93326"},{"taxonomy":"product_cat","embeddable":true,"href":"https:\/\/www.3p-gmbh.de\/es\/wp-json\/wp\/v2\/product_cat?post=93326"},{"taxonomy":"product_tag","embeddable":true,"href":"https:\/\/www.3p-gmbh.de\/es\/wp-json\/wp\/v2\/product_tag?post=93326"}],"curies":[{"name":"wp","href":"https:\/\/api.w.org\/{rel}","templated":true}]}}