{"id":93314,"date":"2019-07-11T13:53:56","date_gmt":"2019-07-11T13:53:56","guid":{"rendered":"https:\/\/www.3p-gmbh.de\/produkt\/programa-de-montaje-de-hojas-pdf-kim\/"},"modified":"2019-07-11T13:53:56","modified_gmt":"2019-07-11T13:53:56","slug":"software-de-grabacion","status":"publish","type":"product","link":"https:\/\/www.3p-gmbh.de\/es\/produkt\/software-de-grabacion\/","title":{"rendered":"Programa de montaje de hojas PDF KIM"},"content":{"rendered":"<p>KIM PDF se diferencia de los conocidos y extendidos competidores por la imposici\u00f3n de p\u00e1ginas PDF a hojas PDF completas. No hay cambios en el formato de los datos (p\u00e1ginas PDF dentro, hojas PDF fuera).<\/p>\n<ul>\n<li>Imposici\u00f3n sobre una base PDF pura con PDF compuestos y separados<\/li>\n<li>No hay cambios de formato, el PDF sigue siendo PDF. Los datos PostScript se convierten a PDF durante la importaci\u00f3n exclusivamente a trav\u00e9s de interfaces est\u00e1ndar (Adobe Acrobat)<\/li>\n<li>Generaci\u00f3n autom\u00e1tica de previsualizaciones de p\u00e1ginas con resoluci\u00f3n definible<\/li>\n<li>Generaci\u00f3n autom\u00e1tica de hojas PDF completas y env\u00edo a dispositivos de salida (KIM PDF Auto)<\/li>\n<li>Concepto de funcionamiento muy basado en el montaje manual de hojas<\/li>\n<li>Generaci\u00f3n autom\u00e1tica de marcas de aleteo (diferentes tipos)<\/li>\n<li>Visualizaci\u00f3n continua sin p\u00e9rdida de tiempo ni esperas gracias a la tecnolog\u00eda de previsualizaci\u00f3n<\/li>\n<li>Bibliotecas individuales para, por ejemplo, hojas plegadas, hojas impresas<\/li>\n<li>Almacenamiento de series completas de sellos independientemente del formato de la hoja de impresi\u00f3n<\/li>\n<li>Dimensionado completo (se pueden visualizar la hoja de impresi\u00f3n y la plancha de impresi\u00f3n)<\/li>\n<li>Desplazamiento de la fricci\u00f3n a trav\u00e9s del grosor del papel o m\u00e1x. Posible ampliaci\u00f3n<\/li>\n<li>Las p\u00e1ginas individuales pueden editarse en el offset<\/li>\n<li>Impresi\u00f3n de una hoja alineada como control de nivel del contenido de la p\u00e1gina (en colores especiales)<\/li>\n<li>Detecci\u00f3n autom\u00e1tica de doble p\u00e1gina<\/li>\n<li>Conf\u00eda sistem\u00e1ticamente en el PDF (Krause lo ha reconocido y lo aplica sistem\u00e1ticamente)<\/li>\n<li>KIM PDF ofrece la posibilidad de referir la alineaci\u00f3n de todos los contenidos a referencias (ventaja en cuanto a la reutilizaci\u00f3n de, por ejemplo, conjuntos de marcas para diferentes formatos).<\/li>\n<\/ul>\n","protected":false},"excerpt":{"rendered":"<p>KIM PDF se diferencia de los conocidos y extendidos competidores por la imposici\u00f3n de p\u00e1ginas PDF a hojas PDF completas. No hay cambios en el formato de los datos (p\u00e1ginas PDF dentro, hojas PDF fuera). Imposici\u00f3n sobre una base PDF pura con PDF compuestos y separados No hay cambios de formato, el PDF sigue siendo [&hellip;]<\/p>\n","protected":false},"featured_media":64909,"template":"","meta":[],"product_brand":[],"product_cat":[3008],"product_tag":[],"class_list":{"0":"post-93314","1":"product","2":"type-product","3":"status-publish","4":"has-post-thumbnail","6":"product_cat-software-de-preimpresion","7":"pa_baujahr-140","8":"pa_hersteller-krause-biagosch","9":"pa_typ-kim-pdf-version-6","11":"first","12":"instock","13":"sold-individually","14":"taxable","15":"shipping-taxable","16":"purchasable","17":"product-type-simple"},"jetpack_sharing_enabled":true,"_links":{"self":[{"href":"https:\/\/www.3p-gmbh.de\/es\/wp-json\/wp\/v2\/product\/93314","targetHints":{"allow":["GET"]}}],"collection":[{"href":"https:\/\/www.3p-gmbh.de\/es\/wp-json\/wp\/v2\/product"}],"about":[{"href":"https:\/\/www.3p-gmbh.de\/es\/wp-json\/wp\/v2\/types\/product"}],"wp:featuredmedia":[{"embeddable":true,"href":"https:\/\/www.3p-gmbh.de\/es\/wp-json\/wp\/v2\/media\/64909"}],"wp:attachment":[{"href":"https:\/\/www.3p-gmbh.de\/es\/wp-json\/wp\/v2\/media?parent=93314"}],"wp:term":[{"taxonomy":"product_brand","embeddable":true,"href":"https:\/\/www.3p-gmbh.de\/es\/wp-json\/wp\/v2\/product_brand?post=93314"},{"taxonomy":"product_cat","embeddable":true,"href":"https:\/\/www.3p-gmbh.de\/es\/wp-json\/wp\/v2\/product_cat?post=93314"},{"taxonomy":"product_tag","embeddable":true,"href":"https:\/\/www.3p-gmbh.de\/es\/wp-json\/wp\/v2\/product_tag?post=93314"}],"curies":[{"name":"wp","href":"https:\/\/api.w.org\/{rel}","templated":true}]}}