{"id":93306,"date":"2019-07-11T13:53:56","date_gmt":"2019-07-11T13:53:56","guid":{"rendered":"https:\/\/www.3p-gmbh.de\/produkt\/heidelberg-topsetter-102-scl-sistema-ctp-termico\/"},"modified":"2019-07-11T13:53:56","modified_gmt":"2019-07-11T13:53:56","slug":"del-ordenador-a-la-placa","status":"publish","type":"product","link":"https:\/\/www.3p-gmbh.de\/es\/produkt\/del-ordenador-a-la-placa\/","title":{"rendered":"Heidelberg Topsetter 102 SCL Sistema CtP T\u00e9rmico"},"content":{"rendered":"<ul>\n<li>B1 Sistema CTP t\u00e9rmico<\/li>\n<li>1 casete de almacenamiento<\/li>\n<li>Resoluci\u00f3n 1200 &#8211; 4000 ppp<\/li>\n<li>min. 650 x 550 mm<\/li>\n<li>m\u00e1x. 1060 x 940 mm<\/li>\n<li>punz\u00f3n interior 780mm<\/li>\n<li>32 diodos<\/li>\n<\/ul>\n","protected":false},"excerpt":{"rendered":"<p>B1 Sistema CTP t\u00e9rmico 1 casete de almacenamiento Resoluci\u00f3n 1200 &#8211; 4000 ppp min. 650 x 550 mm m\u00e1x. 1060 x 940 mm punz\u00f3n interior 780mm 32 diodos<\/p>\n","protected":false},"featured_media":64921,"template":"","meta":[],"product_brand":[],"product_cat":[2870],"product_tag":[],"class_list":{"0":"post-93306","1":"product","2":"type-product","3":"status-publish","4":"has-post-thumbnail","6":"product_cat-sistemas-de-ordenador-a-placa","7":"pa_baujahr-130","8":"pa_hersteller-heidelberg-screen","9":"pa_typ-topsetter-102-classic-scl-platerite","11":"first","12":"instock","13":"sold-individually","14":"taxable","15":"shipping-taxable","16":"purchasable","17":"product-type-simple"},"jetpack_sharing_enabled":true,"_links":{"self":[{"href":"https:\/\/www.3p-gmbh.de\/es\/wp-json\/wp\/v2\/product\/93306","targetHints":{"allow":["GET"]}}],"collection":[{"href":"https:\/\/www.3p-gmbh.de\/es\/wp-json\/wp\/v2\/product"}],"about":[{"href":"https:\/\/www.3p-gmbh.de\/es\/wp-json\/wp\/v2\/types\/product"}],"wp:featuredmedia":[{"embeddable":true,"href":"https:\/\/www.3p-gmbh.de\/es\/wp-json\/wp\/v2\/media\/64921"}],"wp:attachment":[{"href":"https:\/\/www.3p-gmbh.de\/es\/wp-json\/wp\/v2\/media?parent=93306"}],"wp:term":[{"taxonomy":"product_brand","embeddable":true,"href":"https:\/\/www.3p-gmbh.de\/es\/wp-json\/wp\/v2\/product_brand?post=93306"},{"taxonomy":"product_cat","embeddable":true,"href":"https:\/\/www.3p-gmbh.de\/es\/wp-json\/wp\/v2\/product_cat?post=93306"},{"taxonomy":"product_tag","embeddable":true,"href":"https:\/\/www.3p-gmbh.de\/es\/wp-json\/wp\/v2\/product_tag?post=93306"}],"curies":[{"name":"wp","href":"https:\/\/api.w.org\/{rel}","templated":true}]}}