{"id":93301,"date":"2019-07-11T13:53:56","date_gmt":"2019-07-11T13:53:56","guid":{"rendered":"https:\/\/www.3p-gmbh.de\/produkt\/heidelberg-polysetter-52-filmadora-de-planchas-de-poliester\/"},"modified":"2019-07-11T13:53:56","modified_gmt":"2019-07-11T13:53:56","slug":"filmadora-de-planchas-de-poliester-2","status":"publish","type":"product","link":"https:\/\/www.3p-gmbh.de\/es\/produkt\/filmadora-de-planchas-de-poliester-2\/","title":{"rendered":"Heidelberg Polysetter 52 filmadora de planchas de poli\u00e9ster"},"content":{"rendered":"<p>El sistema CtP de poli\u00e9ster, que produce planchas de poli\u00e9ster separadas por colores, troqueladas y con precisi\u00f3n de registro de hasta un m\u00e1x. de 1.000 mm de grosor, se utiliza para la fabricaci\u00f3n de planchas de poli\u00e9ster. Formato Heidelberg SM 52 suministros que se pueden utilizar inmediatamente en la prensa.<\/p>\n<ul>\n<li>m\u00e1x. Formato: 460 x 550 mm<\/li>\n<li>Punz\u00f3n de registro integrado<\/li>\n<li>Desarrollo en l\u00ednea<\/li>\n<li>MetaShooter de Prinect<\/li>\n<\/ul>\n","protected":false},"excerpt":{"rendered":"<p>El sistema CtP de poli\u00e9ster, que produce planchas de poli\u00e9ster separadas por colores, troqueladas y con precisi\u00f3n de registro de hasta un m\u00e1x. de 1.000 mm de grosor, se utiliza para la fabricaci\u00f3n de planchas de poli\u00e9ster. Formato Heidelberg SM 52 suministros que se pueden utilizar inmediatamente en la prensa. m\u00e1x. Formato: 460 x 550 [&hellip;]<\/p>\n","protected":false},"featured_media":64933,"template":"","meta":[],"product_brand":[],"product_cat":[2870],"product_tag":[],"class_list":{"0":"post-93301","1":"product","2":"type-product","3":"status-publish","4":"has-post-thumbnail","6":"product_cat-sistemas-de-ordenador-a-placa","7":"pa_baujahr-168","8":"pa_hersteller-heidelberg","9":"pa_typ-polysetter-52","11":"first","12":"instock","13":"sold-individually","14":"taxable","15":"shipping-taxable","16":"purchasable","17":"product-type-simple"},"jetpack_sharing_enabled":true,"_links":{"self":[{"href":"https:\/\/www.3p-gmbh.de\/es\/wp-json\/wp\/v2\/product\/93301","targetHints":{"allow":["GET"]}}],"collection":[{"href":"https:\/\/www.3p-gmbh.de\/es\/wp-json\/wp\/v2\/product"}],"about":[{"href":"https:\/\/www.3p-gmbh.de\/es\/wp-json\/wp\/v2\/types\/product"}],"wp:featuredmedia":[{"embeddable":true,"href":"https:\/\/www.3p-gmbh.de\/es\/wp-json\/wp\/v2\/media\/64933"}],"wp:attachment":[{"href":"https:\/\/www.3p-gmbh.de\/es\/wp-json\/wp\/v2\/media?parent=93301"}],"wp:term":[{"taxonomy":"product_brand","embeddable":true,"href":"https:\/\/www.3p-gmbh.de\/es\/wp-json\/wp\/v2\/product_brand?post=93301"},{"taxonomy":"product_cat","embeddable":true,"href":"https:\/\/www.3p-gmbh.de\/es\/wp-json\/wp\/v2\/product_cat?post=93301"},{"taxonomy":"product_tag","embeddable":true,"href":"https:\/\/www.3p-gmbh.de\/es\/wp-json\/wp\/v2\/product_tag?post=93301"}],"curies":[{"name":"wp","href":"https:\/\/api.w.org\/{rel}","templated":true}]}}