{"id":93288,"date":"2019-07-11T13:54:02","date_gmt":"2019-07-11T13:54:02","guid":{"rendered":"https:\/\/www.3p-gmbh.de\/produkt\/sistema-ctp-esko-dotmate-7500\/"},"modified":"2019-07-11T13:54:02","modified_gmt":"2019-07-11T13:54:02","slug":"filmadora-4","status":"publish","type":"product","link":"https:\/\/www.3p-gmbh.de\/es\/produkt\/filmadora-4\/","title":{"rendered":"Sistema CtP Esko Dotmate 7500"},"content":{"rendered":"<p>La DotMate 7500 es una filmadora B2+ altamente productiva que puede producir alternativamente pel\u00edcula convencional o planchas de impresi\u00f3n de poli\u00e9ster.<\/p>\n<ul>\n<li>Formato de exposici\u00f3n 610 mm x 750 mm<\/li>\n<li>20 pel\u00edculas de formato completo por hora<\/li>\n<li>Resoluci\u00f3n de 900 &#8211; 3600 ppp<\/li>\n<li>Punz\u00f3n Bacher interno<\/li>\n<li>Tama\u00f1o del punto (dependiendo de la resoluci\u00f3n) 8 &#8211; 21 micras<\/li>\n<li>Repetibilidad +\/- 5 micras<\/li>\n<li>procesador en l\u00ednea totalmente integrado con desilverizaci\u00f3n del ba\u00f1o fusor, controlado mediante software de consola en el ordenador de corte<\/li>\n<li>Tecnolog\u00eda de tambor interior<\/li>\n<li>Con rasgadura<\/li>\n<\/ul>\n","protected":false},"excerpt":{"rendered":"<p>La DotMate 7500 es una filmadora B2+ altamente productiva que puede producir alternativamente pel\u00edcula convencional o planchas de impresi\u00f3n de poli\u00e9ster. Formato de exposici\u00f3n 610 mm x 750 mm 20 pel\u00edculas de formato completo por hora Resoluci\u00f3n de 900 &#8211; 3600 ppp Punz\u00f3n Bacher interno Tama\u00f1o del punto (dependiendo de la resoluci\u00f3n) 8 &#8211; 21 [&hellip;]<\/p>\n","protected":false},"featured_media":64939,"template":"","meta":[],"product_brand":[],"product_cat":[2870],"product_tag":[],"class_list":{"0":"post-93288","1":"product","2":"type-product","3":"status-publish","4":"has-post-thumbnail","6":"product_cat-sistemas-de-ordenador-a-placa","7":"pa_baujahr-123","8":"pa_hersteller-scanview-esco-graphic","9":"pa_typ-dotmate-7500","11":"first","12":"instock","13":"sold-individually","14":"taxable","15":"shipping-taxable","16":"purchasable","17":"product-type-simple"},"jetpack_sharing_enabled":true,"_links":{"self":[{"href":"https:\/\/www.3p-gmbh.de\/es\/wp-json\/wp\/v2\/product\/93288","targetHints":{"allow":["GET"]}}],"collection":[{"href":"https:\/\/www.3p-gmbh.de\/es\/wp-json\/wp\/v2\/product"}],"about":[{"href":"https:\/\/www.3p-gmbh.de\/es\/wp-json\/wp\/v2\/types\/product"}],"wp:featuredmedia":[{"embeddable":true,"href":"https:\/\/www.3p-gmbh.de\/es\/wp-json\/wp\/v2\/media\/64939"}],"wp:attachment":[{"href":"https:\/\/www.3p-gmbh.de\/es\/wp-json\/wp\/v2\/media?parent=93288"}],"wp:term":[{"taxonomy":"product_brand","embeddable":true,"href":"https:\/\/www.3p-gmbh.de\/es\/wp-json\/wp\/v2\/product_brand?post=93288"},{"taxonomy":"product_cat","embeddable":true,"href":"https:\/\/www.3p-gmbh.de\/es\/wp-json\/wp\/v2\/product_cat?post=93288"},{"taxonomy":"product_tag","embeddable":true,"href":"https:\/\/www.3p-gmbh.de\/es\/wp-json\/wp\/v2\/product_tag?post=93288"}],"curies":[{"name":"wp","href":"https:\/\/api.w.org\/{rel}","templated":true}]}}