{"id":93281,"date":"2019-07-11T13:54:02","date_gmt":"2019-07-11T13:54:02","guid":{"rendered":"https:\/\/www.3p-gmbh.de\/produkt\/filmadora-heidelberg-hercules-basic\/"},"modified":"2019-07-11T13:54:02","modified_gmt":"2019-07-11T13:54:02","slug":"filmadora-8","status":"publish","type":"product","link":"https:\/\/www.3p-gmbh.de\/es\/produkt\/filmadora-8\/","title":{"rendered":"Filmadora Heidelberg Hercules Basic"},"content":{"rendered":"<ul>\n<li>Formato de exposici\u00f3n 750 x 558 mm<\/li>\n<li>Resoluci\u00f3n m\u00e1x. 5080 ppp<\/li>\n<li>Punch Bacher lado largo<\/li>\n<li>con Glunz &amp; Jensen ML 860 OL en l\u00ednea<\/li>\n<li>Heidelberg Delta 8.5 Rip Postscript Nivel 3<\/li>\n<\/ul>\n","protected":false},"excerpt":{"rendered":"<p>Formato de exposici\u00f3n 750 x 558 mm Resoluci\u00f3n m\u00e1x. 5080 ppp Punch Bacher lado largo con Glunz &amp; Jensen ML 860 OL en l\u00ednea Heidelberg Delta 8.5 Rip Postscript Nivel 3<\/p>\n","protected":false},"featured_media":65002,"template":"","meta":[],"product_brand":[],"product_cat":[2938],"product_tag":[],"class_list":{"0":"post-93281","1":"product","2":"type-product","3":"status-publish","4":"has-post-thumbnail","6":"product_cat-filmadoras-y-sistemas-de-revelado-de-peliculas","7":"pa_baujahr-158","8":"pa_hersteller-heidelberg","9":"pa_typ-herkules-basic","11":"first","12":"instock","13":"sold-individually","14":"taxable","15":"shipping-taxable","16":"purchasable","17":"product-type-simple"},"jetpack_sharing_enabled":true,"_links":{"self":[{"href":"https:\/\/www.3p-gmbh.de\/es\/wp-json\/wp\/v2\/product\/93281","targetHints":{"allow":["GET"]}}],"collection":[{"href":"https:\/\/www.3p-gmbh.de\/es\/wp-json\/wp\/v2\/product"}],"about":[{"href":"https:\/\/www.3p-gmbh.de\/es\/wp-json\/wp\/v2\/types\/product"}],"wp:featuredmedia":[{"embeddable":true,"href":"https:\/\/www.3p-gmbh.de\/es\/wp-json\/wp\/v2\/media\/65002"}],"wp:attachment":[{"href":"https:\/\/www.3p-gmbh.de\/es\/wp-json\/wp\/v2\/media?parent=93281"}],"wp:term":[{"taxonomy":"product_brand","embeddable":true,"href":"https:\/\/www.3p-gmbh.de\/es\/wp-json\/wp\/v2\/product_brand?post=93281"},{"taxonomy":"product_cat","embeddable":true,"href":"https:\/\/www.3p-gmbh.de\/es\/wp-json\/wp\/v2\/product_cat?post=93281"},{"taxonomy":"product_tag","embeddable":true,"href":"https:\/\/www.3p-gmbh.de\/es\/wp-json\/wp\/v2\/product_tag?post=93281"}],"curies":[{"name":"wp","href":"https:\/\/api.w.org\/{rel}","templated":true}]}}