{"id":93269,"date":"2019-07-11T13:54:02","date_gmt":"2019-07-11T13:54:02","guid":{"rendered":"https:\/\/www.3p-gmbh.de\/produkt\/sistema-ctp-termico-kodak-magnus-400\/"},"modified":"2019-07-11T13:54:02","modified_gmt":"2019-07-11T13:54:02","slug":"camara-termografica","status":"publish","type":"product","link":"https:\/\/www.3p-gmbh.de\/es\/produkt\/camara-termografica\/","title":{"rendered":"Sistema CtP t\u00e9rmico Kodak Magnus 400"},"content":{"rendered":"<ul>\n<li>para la exposici\u00f3n de placas t\u00e9rmicas<\/li>\n<li>min. Formato de la plancha 228 x 311 mm<\/li>\n<li>m\u00e1x. Tama\u00f1o del panel 750 x 664 mm<\/li>\n<li>Capacidad de exposici\u00f3n de hasta 21 planchas\/hora en formato 50 x 70 cm<\/li>\n<li>Resoluci\u00f3n de 2038 a 3048 ppp<\/li>\n<li>Carga manual de los paneles<\/li>\n<\/ul>\n","protected":false},"excerpt":{"rendered":"<p>para la exposici\u00f3n de placas t\u00e9rmicas min. Formato de la plancha 228 x 311 mm m\u00e1x. Tama\u00f1o del panel 750 x 664 mm Capacidad de exposici\u00f3n de hasta 21 planchas\/hora en formato 50 x 70 cm Resoluci\u00f3n de 2038 a 3048 ppp Carga manual de los paneles<\/p>\n","protected":false},"featured_media":65041,"template":"","meta":[],"product_brand":[],"product_cat":[2870],"product_tag":[],"class_list":{"0":"post-93269","1":"product","2":"type-product","3":"status-publish","4":"has-post-thumbnail","6":"product_cat-sistemas-de-ordenador-a-placa","7":"pa_baujahr-127","8":"pa_hersteller-kodak-creo","9":"pa_typ-magnus-400","11":"first","12":"instock","13":"sold-individually","14":"taxable","15":"shipping-taxable","16":"purchasable","17":"product-type-simple"},"jetpack_sharing_enabled":true,"_links":{"self":[{"href":"https:\/\/www.3p-gmbh.de\/es\/wp-json\/wp\/v2\/product\/93269","targetHints":{"allow":["GET"]}}],"collection":[{"href":"https:\/\/www.3p-gmbh.de\/es\/wp-json\/wp\/v2\/product"}],"about":[{"href":"https:\/\/www.3p-gmbh.de\/es\/wp-json\/wp\/v2\/types\/product"}],"wp:featuredmedia":[{"embeddable":true,"href":"https:\/\/www.3p-gmbh.de\/es\/wp-json\/wp\/v2\/media\/65041"}],"wp:attachment":[{"href":"https:\/\/www.3p-gmbh.de\/es\/wp-json\/wp\/v2\/media?parent=93269"}],"wp:term":[{"taxonomy":"product_brand","embeddable":true,"href":"https:\/\/www.3p-gmbh.de\/es\/wp-json\/wp\/v2\/product_brand?post=93269"},{"taxonomy":"product_cat","embeddable":true,"href":"https:\/\/www.3p-gmbh.de\/es\/wp-json\/wp\/v2\/product_cat?post=93269"},{"taxonomy":"product_tag","embeddable":true,"href":"https:\/\/www.3p-gmbh.de\/es\/wp-json\/wp\/v2\/product_tag?post=93269"}],"curies":[{"name":"wp","href":"https:\/\/api.w.org\/{rel}","templated":true}]}}