{"id":93266,"date":"2019-07-11T13:54:02","date_gmt":"2019-07-11T13:54:02","guid":{"rendered":"https:\/\/www.3p-gmbh.de\/produkt\/dispositivo-de-medicion-de-la-placa-de-presion-acme\/"},"modified":"2019-07-11T13:54:02","modified_gmt":"2019-07-11T13:54:02","slug":"dispositivo-de-medicion-de-la-placa-de-presion-acme","status":"publish","type":"product","link":"https:\/\/www.3p-gmbh.de\/es\/produkt\/dispositivo-de-medicion-de-la-placa-de-presion-acme\/","title":{"rendered":"Dispositivo de medici\u00f3n de la placa de presi\u00f3n ACME"},"content":{"rendered":"<ul>\n<li>para la medici\u00f3n y evaluaci\u00f3n de planchas de impresi\u00f3n t\u00e9rmica<\/li>\n<li>Medici\u00f3n del porcentaje de rejilla<\/li>\n<li>el funcionamiento m\u00e1s sencillo<\/li>\n<li>Calibrado directamente en la plancha de impresi\u00f3n<\/li>\n<li>Alimentaci\u00f3n Bater\u00eda de 9 voltios<\/li>\n<li>Pantalla LCD de tres d\u00edgitos<\/li>\n<li>Tecnolog\u00eda de medici\u00f3n mediante c\u00e1mara CCD<\/li>\n<li>Luz LED multicolor para visualizar el proceso de medici\u00f3n y calibraci\u00f3n<\/li>\n<\/ul>\n","protected":false},"excerpt":{"rendered":"<p>para la medici\u00f3n y evaluaci\u00f3n de planchas de impresi\u00f3n t\u00e9rmica Medici\u00f3n del porcentaje de rejilla el funcionamiento m\u00e1s sencillo Calibrado directamente en la plancha de impresi\u00f3n Alimentaci\u00f3n Bater\u00eda de 9 voltios Pantalla LCD de tres d\u00edgitos Tecnolog\u00eda de medici\u00f3n mediante c\u00e1mara CCD Luz LED multicolor para visualizar el proceso de medici\u00f3n y calibraci\u00f3n<\/p>\n","protected":false},"featured_media":65029,"template":"","meta":[],"product_brand":[],"product_cat":[2933],"product_tag":[],"class_list":{"0":"post-93266","1":"product","2":"type-product","3":"status-publish","4":"has-post-thumbnail","6":"product_cat-instrumentos-de-medida-y-control-de-calidad","7":"pa_baujahr-168","8":"pa_hersteller-acme","10":"first","11":"instock","12":"sold-individually","13":"taxable","14":"shipping-taxable","15":"purchasable","16":"product-type-simple"},"jetpack_sharing_enabled":true,"_links":{"self":[{"href":"https:\/\/www.3p-gmbh.de\/es\/wp-json\/wp\/v2\/product\/93266","targetHints":{"allow":["GET"]}}],"collection":[{"href":"https:\/\/www.3p-gmbh.de\/es\/wp-json\/wp\/v2\/product"}],"about":[{"href":"https:\/\/www.3p-gmbh.de\/es\/wp-json\/wp\/v2\/types\/product"}],"wp:featuredmedia":[{"embeddable":true,"href":"https:\/\/www.3p-gmbh.de\/es\/wp-json\/wp\/v2\/media\/65029"}],"wp:attachment":[{"href":"https:\/\/www.3p-gmbh.de\/es\/wp-json\/wp\/v2\/media?parent=93266"}],"wp:term":[{"taxonomy":"product_brand","embeddable":true,"href":"https:\/\/www.3p-gmbh.de\/es\/wp-json\/wp\/v2\/product_brand?post=93266"},{"taxonomy":"product_cat","embeddable":true,"href":"https:\/\/www.3p-gmbh.de\/es\/wp-json\/wp\/v2\/product_cat?post=93266"},{"taxonomy":"product_tag","embeddable":true,"href":"https:\/\/www.3p-gmbh.de\/es\/wp-json\/wp\/v2\/product_tag?post=93266"}],"curies":[{"name":"wp","href":"https:\/\/api.w.org\/{rel}","templated":true}]}}